{"id":484767,"date":"2026-04-16T14:24:37","date_gmt":"2026-04-16T12:24:37","guid":{"rendered":"https:\/\/www.letutudanza.it\/?post_type=product&#038;p=484767"},"modified":"2026-04-16T14:39:18","modified_gmt":"2026-04-16T12:39:18","slug":"georgette-wickelrock-copia","status":"publish","type":"product","link":"https:\/\/www.letutudanza.it\/de\/prodotto\/georgette-wickelrock-copia","title":{"rendered":"Langer Geldbeutel-Tanzrock"},"content":{"rendered":"<p>Halbarm-Body aus altrosa Mikrofaser.<br \/>\n\u00c4rmelr\u00e4nder aus wei\u00dfem Lycra.<br \/>\nVorne gef\u00fcttert<\/p>\n","protected":false},"excerpt":{"rendered":"<p>Wickelrock, hinten l\u00e4nger.<br \/>\n Praktischer Taillenbinder und eingefasster Hosenbund. Aus Mikrofaser, schwarze Farbe<\/p>\n<p>Nur noch ein St\u00fcck verf\u00fcgbar, Gr\u00f6\u00dfe L<\/p>\n<p>&nbsp;<\/p>\n","protected":false},"featured_media":484771,"template":"","meta":{"_acf_changed":false},"product_brand":[],"product_cat":[1511,1451],"product_tag":[],"class_list":{"0":"post-484767","1":"product","2":"type-product","3":"status-publish","4":"has-post-thumbnail","6":"product_cat-bekleidungs-outlet","7":"product_cat-auslauf","8":"pa_brand-dl-tanzkleidung","10":"first","11":"instock","12":"sale","13":"shipping-taxable","14":"purchasable","15":"product-type-simple"},"acf":[],"_links":{"self":[{"href":"https:\/\/www.letutudanza.it\/de\/wp-json\/wp\/v2\/product\/484767","targetHints":{"allow":["GET"]}}],"collection":[{"href":"https:\/\/www.letutudanza.it\/de\/wp-json\/wp\/v2\/product"}],"about":[{"href":"https:\/\/www.letutudanza.it\/de\/wp-json\/wp\/v2\/types\/product"}],"wp:featuredmedia":[{"embeddable":true,"href":"https:\/\/www.letutudanza.it\/de\/wp-json\/wp\/v2\/media\/484771"}],"wp:attachment":[{"href":"https:\/\/www.letutudanza.it\/de\/wp-json\/wp\/v2\/media?parent=484767"}],"wp:term":[{"taxonomy":"product_brand","embeddable":true,"href":"https:\/\/www.letutudanza.it\/de\/wp-json\/wp\/v2\/product_brand?post=484767"},{"taxonomy":"product_cat","embeddable":true,"href":"https:\/\/www.letutudanza.it\/de\/wp-json\/wp\/v2\/product_cat?post=484767"},{"taxonomy":"product_tag","embeddable":true,"href":"https:\/\/www.letutudanza.it\/de\/wp-json\/wp\/v2\/product_tag?post=484767"}],"curies":[{"name":"wp","href":"https:\/\/api.w.org\/{rel}","templated":true}]}}