{"id":484750,"date":"2026-04-16T14:14:46","date_gmt":"2026-04-16T12:14:46","guid":{"rendered":"https:\/\/www.letutudanza.it\/?post_type=product&#038;p=484750"},"modified":"2026-04-16T14:23:25","modified_gmt":"2026-04-16T12:23:25","slug":"tanztrikot-mit-rundhalsausschnitt-und-letztem-armel-copia-2","status":"publish","type":"product","link":"https:\/\/www.letutudanza.it\/de\/prodotto\/tanztrikot-mit-rundhalsausschnitt-und-letztem-armel-copia-2","title":{"rendered":"Tanzbody mit tiefem R\u00fcckenausschnitt und \u00c4rmeln"},"content":{"rendered":"<p>Halbarm-Body aus altrosa Mikrofaser.<br \/>\n\u00c4rmelr\u00e4nder aus wei\u00dfem Lycra.<br \/>\nVorne gef\u00fcttert<\/p>\n","protected":false},"excerpt":{"rendered":"<p>Body mit rundem Halsausschnitt vorne und \u00c4rmel, hinten tiefer ausgeschnitten.<br \/>\n Gef\u00fctterte Vorderseite, erh\u00e4ltlich in schwarzem Lycra<\/p>\n<p> Letztes St\u00fcck TG XS<\/p>\n","protected":false},"featured_media":484758,"template":"","meta":{"_acf_changed":false},"product_brand":[],"product_cat":[1521,1451],"product_tag":[],"class_list":{"0":"post-484750","1":"product","2":"type-product","3":"status-publish","4":"has-post-thumbnail","6":"product_cat-auslasskorper","7":"product_cat-auslauf","8":"pa_brand-dl-tanzkleidung","10":"first","11":"instock","12":"sale","13":"shipping-taxable","14":"purchasable","15":"product-type-simple"},"acf":[],"_links":{"self":[{"href":"https:\/\/www.letutudanza.it\/de\/wp-json\/wp\/v2\/product\/484750","targetHints":{"allow":["GET"]}}],"collection":[{"href":"https:\/\/www.letutudanza.it\/de\/wp-json\/wp\/v2\/product"}],"about":[{"href":"https:\/\/www.letutudanza.it\/de\/wp-json\/wp\/v2\/types\/product"}],"wp:featuredmedia":[{"embeddable":true,"href":"https:\/\/www.letutudanza.it\/de\/wp-json\/wp\/v2\/media\/484758"}],"wp:attachment":[{"href":"https:\/\/www.letutudanza.it\/de\/wp-json\/wp\/v2\/media?parent=484750"}],"wp:term":[{"taxonomy":"product_brand","embeddable":true,"href":"https:\/\/www.letutudanza.it\/de\/wp-json\/wp\/v2\/product_brand?post=484750"},{"taxonomy":"product_cat","embeddable":true,"href":"https:\/\/www.letutudanza.it\/de\/wp-json\/wp\/v2\/product_cat?post=484750"},{"taxonomy":"product_tag","embeddable":true,"href":"https:\/\/www.letutudanza.it\/de\/wp-json\/wp\/v2\/product_tag?post=484750"}],"curies":[{"name":"wp","href":"https:\/\/api.w.org\/{rel}","templated":true}]}}