{"id":484713,"date":"2026-04-15T13:55:40","date_gmt":"2026-04-15T11:55:40","guid":{"rendered":"https:\/\/www.letutudanza.it\/?post_type=product&#038;p=484713"},"modified":"2026-04-15T14:02:41","modified_gmt":"2026-04-15T12:02:41","slug":"bloch-parem-cl5607-tanztrikot-copia","status":"publish","type":"product","link":"https:\/\/www.letutudanza.it\/de\/prodotto\/bloch-parem-cl5607-tanztrikot-copia","title":{"rendered":"Bloch Nejor L5607 Tanz-Trikot"},"content":{"rendered":"<p>Klassischer Body mit halben \u00c4rmeln. Erh\u00e4ltlich in Lycra, Baumwolle oder Mikrofaser.<\/p>\n<p>Auf der Vorderseite gef\u00fcttert<\/p>\n","protected":false},"excerpt":{"rendered":"<p>Eleganter und dennoch vielseitiger Basic-Body aus weichem, strapazierf\u00e4higem und farbechtem Material.<br \/>\n Mittelnaht hinten<\/p>\n<p> Nur ein St\u00fcck verf\u00fcgbar, Gr\u00f6\u00dfe M (Farbe: Nude, wie auf dem Foto abgebildet)<\/p>\n","protected":false},"featured_media":484724,"template":"","meta":{"_acf_changed":false},"product_brand":[],"product_cat":[1521,1451],"product_tag":[],"class_list":{"0":"post-484713","1":"product","2":"type-product","3":"status-publish","4":"has-post-thumbnail","6":"product_cat-auslasskorper","7":"product_cat-auslauf","8":"pa_brand-bloch-de","10":"first","11":"instock","12":"sale","13":"shipping-taxable","14":"purchasable","15":"product-type-simple"},"acf":[],"_links":{"self":[{"href":"https:\/\/www.letutudanza.it\/de\/wp-json\/wp\/v2\/product\/484713","targetHints":{"allow":["GET"]}}],"collection":[{"href":"https:\/\/www.letutudanza.it\/de\/wp-json\/wp\/v2\/product"}],"about":[{"href":"https:\/\/www.letutudanza.it\/de\/wp-json\/wp\/v2\/types\/product"}],"wp:featuredmedia":[{"embeddable":true,"href":"https:\/\/www.letutudanza.it\/de\/wp-json\/wp\/v2\/media\/484724"}],"wp:attachment":[{"href":"https:\/\/www.letutudanza.it\/de\/wp-json\/wp\/v2\/media?parent=484713"}],"wp:term":[{"taxonomy":"product_brand","embeddable":true,"href":"https:\/\/www.letutudanza.it\/de\/wp-json\/wp\/v2\/product_brand?post=484713"},{"taxonomy":"product_cat","embeddable":true,"href":"https:\/\/www.letutudanza.it\/de\/wp-json\/wp\/v2\/product_cat?post=484713"},{"taxonomy":"product_tag","embeddable":true,"href":"https:\/\/www.letutudanza.it\/de\/wp-json\/wp\/v2\/product_tag?post=484713"}],"curies":[{"name":"wp","href":"https:\/\/api.w.org\/{rel}","templated":true}]}}