{"id":484575,"date":"2026-04-11T12:43:55","date_gmt":"2026-04-11T10:43:55","guid":{"rendered":"https:\/\/www.letutudanza.it\/?post_type=product&#038;p=484575"},"modified":"2026-04-11T12:47:55","modified_gmt":"2026-04-11T10:47:55","slug":"rosa-chiffon-tanzrock-copia","status":"publish","type":"product","link":"https:\/\/www.letutudanza.it\/de\/prodotto\/rosa-chiffon-tanzrock-copia","title":{"rendered":"Schwarzer Chiffon-Tanzrock"},"content":{"rendered":"<p>Halbarm-Body aus altrosa Mikrofaser.<br \/>\n\u00c4rmelr\u00e4nder aus wei\u00dfem Lycra.<br \/>\nVorne gef\u00fcttert<\/p>\n","protected":false},"excerpt":{"rendered":"<p>Klassischer Chiffonrock mit 3,5 cm breitem, mit Baumwolle \u00fcberzogenem Gummibund.<\/p>\n<p> Nur noch ein St\u00fcck verf\u00fcgbar, Gr\u00f6\u00dfe XS<\/p>\n<p>&nbsp;<\/p>\n","protected":false},"featured_media":484588,"template":"","meta":{"_acf_changed":false},"product_brand":[],"product_cat":[1511,1451],"product_tag":[],"class_list":{"0":"post-484575","1":"product","2":"type-product","3":"status-publish","4":"has-post-thumbnail","6":"product_cat-bekleidungs-outlet","7":"product_cat-auslauf","8":"pa_brand-dl-tanzkleidung","10":"first","11":"instock","12":"sale","13":"shipping-taxable","14":"purchasable","15":"product-type-simple"},"acf":[],"_links":{"self":[{"href":"https:\/\/www.letutudanza.it\/de\/wp-json\/wp\/v2\/product\/484575","targetHints":{"allow":["GET"]}}],"collection":[{"href":"https:\/\/www.letutudanza.it\/de\/wp-json\/wp\/v2\/product"}],"about":[{"href":"https:\/\/www.letutudanza.it\/de\/wp-json\/wp\/v2\/types\/product"}],"wp:featuredmedia":[{"embeddable":true,"href":"https:\/\/www.letutudanza.it\/de\/wp-json\/wp\/v2\/media\/484588"}],"wp:attachment":[{"href":"https:\/\/www.letutudanza.it\/de\/wp-json\/wp\/v2\/media?parent=484575"}],"wp:term":[{"taxonomy":"product_brand","embeddable":true,"href":"https:\/\/www.letutudanza.it\/de\/wp-json\/wp\/v2\/product_brand?post=484575"},{"taxonomy":"product_cat","embeddable":true,"href":"https:\/\/www.letutudanza.it\/de\/wp-json\/wp\/v2\/product_cat?post=484575"},{"taxonomy":"product_tag","embeddable":true,"href":"https:\/\/www.letutudanza.it\/de\/wp-json\/wp\/v2\/product_tag?post=484575"}],"curies":[{"name":"wp","href":"https:\/\/api.w.org\/{rel}","templated":true}]}}