{"id":484534,"date":"2026-04-08T17:00:15","date_gmt":"2026-04-08T15:00:15","guid":{"rendered":"https:\/\/www.letutudanza.it\/?post_type=product&#038;p=484534"},"modified":"2026-04-08T17:21:40","modified_gmt":"2026-04-08T15:21:40","slug":"langes-lycra-kleid-mit-netzeinsatz-copia","status":"publish","type":"product","link":"https:\/\/www.letutudanza.it\/de\/prodotto\/langes-lycra-kleid-mit-netzeinsatz-copia","title":{"rendered":"Modernes Spitzenkleid"},"content":{"rendered":"","protected":false},"excerpt":{"rendered":"<p>Kleid komplett aus roter, bidirektionaler Stretch-Spitze.<br \/>\n Dreiteilige R\u00f6cke mit unvers\u00e4uberten Kanten, einer davon asymmetrisch in Schwarz angebracht.<br \/>\n Hautfarbenes Tanktop mit tiefem R\u00fcckenausschnitt und integriertem Cutout<\/p>\n<p> Erh\u00e4ltlich in Gr\u00f6\u00dfe S<\/p>\n","protected":false},"featured_media":484538,"template":"","meta":{"_acf_changed":false},"product_brand":[],"product_cat":[1451,1609],"product_tag":[],"class_list":{"0":"post-484534","1":"product","2":"type-product","3":"status-publish","4":"has-post-thumbnail","6":"product_cat-auslauf","7":"product_cat-kostum-outlet","8":"pa_brand-dl-tanzkleidung","10":"first","11":"instock","12":"shipping-taxable","13":"purchasable","14":"product-type-simple"},"acf":[],"_links":{"self":[{"href":"https:\/\/www.letutudanza.it\/de\/wp-json\/wp\/v2\/product\/484534","targetHints":{"allow":["GET"]}}],"collection":[{"href":"https:\/\/www.letutudanza.it\/de\/wp-json\/wp\/v2\/product"}],"about":[{"href":"https:\/\/www.letutudanza.it\/de\/wp-json\/wp\/v2\/types\/product"}],"wp:featuredmedia":[{"embeddable":true,"href":"https:\/\/www.letutudanza.it\/de\/wp-json\/wp\/v2\/media\/484538"}],"wp:attachment":[{"href":"https:\/\/www.letutudanza.it\/de\/wp-json\/wp\/v2\/media?parent=484534"}],"wp:term":[{"taxonomy":"product_brand","embeddable":true,"href":"https:\/\/www.letutudanza.it\/de\/wp-json\/wp\/v2\/product_brand?post=484534"},{"taxonomy":"product_cat","embeddable":true,"href":"https:\/\/www.letutudanza.it\/de\/wp-json\/wp\/v2\/product_cat?post=484534"},{"taxonomy":"product_tag","embeddable":true,"href":"https:\/\/www.letutudanza.it\/de\/wp-json\/wp\/v2\/product_tag?post=484534"}],"curies":[{"name":"wp","href":"https:\/\/api.w.org\/{rel}","templated":true}]}}