{"id":484517,"date":"2026-04-08T15:03:16","date_gmt":"2026-04-08T13:03:16","guid":{"rendered":"https:\/\/www.letutudanza.it\/?post_type=product&#038;p=484517"},"modified":"2026-04-08T16:22:52","modified_gmt":"2026-04-08T14:22:52","slug":"neckholderkleid-mit-gurtel-copia","status":"publish","type":"product","link":"https:\/\/www.letutudanza.it\/de\/prodotto\/neckholderkleid-mit-gurtel-copia","title":{"rendered":"Langes Lycra-Kleid mit Netzeinsatz"},"content":{"rendered":"","protected":false},"excerpt":{"rendered":"<p>Langes Kleid aus lila Lycra (Farbe auf dem Foto)<br \/>\n Body mit U-Boot-Ausschnitt und Mesh-Einsatz vorne<br \/>\n An den Body ist ein weiter Rock angen\u00e4ht, L\u00e4nge ca. 65 cm.<\/p>\n<p> Erh\u00e4ltlich in Gr\u00f6\u00dfe L<\/p>\n","protected":false},"featured_media":484529,"template":"","meta":{"_acf_changed":false},"product_brand":[],"product_cat":[1451,1609],"product_tag":[],"class_list":{"0":"post-484517","1":"product","2":"type-product","3":"status-publish","4":"has-post-thumbnail","6":"product_cat-auslauf","7":"product_cat-kostum-outlet","8":"pa_brand-dl-tanzkleidung","10":"first","11":"instock","12":"shipping-taxable","13":"purchasable","14":"product-type-simple"},"acf":[],"_links":{"self":[{"href":"https:\/\/www.letutudanza.it\/de\/wp-json\/wp\/v2\/product\/484517","targetHints":{"allow":["GET"]}}],"collection":[{"href":"https:\/\/www.letutudanza.it\/de\/wp-json\/wp\/v2\/product"}],"about":[{"href":"https:\/\/www.letutudanza.it\/de\/wp-json\/wp\/v2\/types\/product"}],"wp:featuredmedia":[{"embeddable":true,"href":"https:\/\/www.letutudanza.it\/de\/wp-json\/wp\/v2\/media\/484529"}],"wp:attachment":[{"href":"https:\/\/www.letutudanza.it\/de\/wp-json\/wp\/v2\/media?parent=484517"}],"wp:term":[{"taxonomy":"product_brand","embeddable":true,"href":"https:\/\/www.letutudanza.it\/de\/wp-json\/wp\/v2\/product_brand?post=484517"},{"taxonomy":"product_cat","embeddable":true,"href":"https:\/\/www.letutudanza.it\/de\/wp-json\/wp\/v2\/product_cat?post=484517"},{"taxonomy":"product_tag","embeddable":true,"href":"https:\/\/www.letutudanza.it\/de\/wp-json\/wp\/v2\/product_tag?post=484517"}],"curies":[{"name":"wp","href":"https:\/\/api.w.org\/{rel}","templated":true}]}}