{"id":484473,"date":"2026-04-07T17:42:14","date_gmt":"2026-04-07T15:42:14","guid":{"rendered":"https:\/\/www.letutudanza.it\/?post_type=product&#038;p=484473"},"modified":"2026-04-07T17:46:32","modified_gmt":"2026-04-07T15:46:32","slug":"tanzanzug-mit-neckholder-shorts-copia","status":"publish","type":"product","link":"https:\/\/www.letutudanza.it\/de\/prodotto\/tanzanzug-mit-neckholder-shorts-copia","title":{"rendered":"Tanzshorts mit \u00fcberkreuztem R\u00fcckenteil"},"content":{"rendered":"","protected":false},"excerpt":{"rendered":"<p>Akademischer Trainingsanzug mit Rundhalsausschnitt und Einfassung vorne.<br \/>\n Doppelter Saum mit \u00fcberkreuzten Kanten im R\u00fccken und tiefem Halsausschnitt<\/p>\n<p> Nur noch ein St\u00fcck verf\u00fcgbar, Gr\u00f6\u00dfe M<\/p>\n<p>&nbsp;<\/p>\n<p>&nbsp;<\/p>\n","protected":false},"featured_media":484477,"template":"","meta":{"_acf_changed":false},"product_brand":[],"product_cat":[1511,1451],"product_tag":[],"class_list":{"0":"post-484473","1":"product","2":"type-product","3":"status-publish","4":"has-post-thumbnail","6":"product_cat-bekleidungs-outlet","7":"product_cat-auslauf","8":"pa_brand-dl-tanzkleidung","10":"first","11":"instock","12":"sale","13":"shipping-taxable","14":"purchasable","15":"product-type-simple"},"acf":[],"_links":{"self":[{"href":"https:\/\/www.letutudanza.it\/de\/wp-json\/wp\/v2\/product\/484473","targetHints":{"allow":["GET"]}}],"collection":[{"href":"https:\/\/www.letutudanza.it\/de\/wp-json\/wp\/v2\/product"}],"about":[{"href":"https:\/\/www.letutudanza.it\/de\/wp-json\/wp\/v2\/types\/product"}],"wp:featuredmedia":[{"embeddable":true,"href":"https:\/\/www.letutudanza.it\/de\/wp-json\/wp\/v2\/media\/484477"}],"wp:attachment":[{"href":"https:\/\/www.letutudanza.it\/de\/wp-json\/wp\/v2\/media?parent=484473"}],"wp:term":[{"taxonomy":"product_brand","embeddable":true,"href":"https:\/\/www.letutudanza.it\/de\/wp-json\/wp\/v2\/product_brand?post=484473"},{"taxonomy":"product_cat","embeddable":true,"href":"https:\/\/www.letutudanza.it\/de\/wp-json\/wp\/v2\/product_cat?post=484473"},{"taxonomy":"product_tag","embeddable":true,"href":"https:\/\/www.letutudanza.it\/de\/wp-json\/wp\/v2\/product_tag?post=484473"}],"curies":[{"name":"wp","href":"https:\/\/api.w.org\/{rel}","templated":true}]}}