{"id":484441,"date":"2026-04-07T15:21:11","date_gmt":"2026-04-07T13:21:11","guid":{"rendered":"https:\/\/www.letutudanza.it\/?post_type=product&#038;p=484441"},"modified":"2026-04-07T15:31:40","modified_gmt":"2026-04-07T13:31:40","slug":"schwarzer-tanzbody-mit-tragern-und-raffungen-copia","status":"publish","type":"product","link":"https:\/\/www.letutudanza.it\/de\/prodotto\/schwarzer-tanzbody-mit-tragern-und-raffungen-copia","title":{"rendered":"Tanzbody mit Tr\u00e4gern und Spitzeneinsatz"},"content":{"rendered":"<p>Klassischer Body mit halben \u00c4rmeln. Erh\u00e4ltlich in Lycra, Baumwolle oder Mikrofaser.<\/p>\n<p>Auf der Vorderseite gef\u00fcttert<\/p>\n","protected":false},"excerpt":{"rendered":"<div class=\"woocommerce-product-details__short-description\">\n<p>Tr\u00e4gerloser Body mit Spitzeneinsatz vorne und bis zur H\u00e4lfte des R\u00fcckens.<br \/>\n Gef\u00fctterte Vorderseite, erh\u00e4ltlich in Wei\u00df<\/p>\n<\/div>\n<p>Nur noch ein St\u00fcck verf\u00fcgbar, Gr\u00f6\u00dfe M<\/p>\n","protected":false},"featured_media":484445,"template":"","meta":{"_acf_changed":false},"product_brand":[],"product_cat":[1521,1451],"product_tag":[],"class_list":{"0":"post-484441","1":"product","2":"type-product","3":"status-publish","4":"has-post-thumbnail","6":"product_cat-auslasskorper","7":"product_cat-auslauf","8":"pa_brand-dl-tanzkleidung","10":"first","11":"instock","12":"sale","13":"shipping-taxable","14":"purchasable","15":"product-type-simple"},"acf":[],"_links":{"self":[{"href":"https:\/\/www.letutudanza.it\/de\/wp-json\/wp\/v2\/product\/484441","targetHints":{"allow":["GET"]}}],"collection":[{"href":"https:\/\/www.letutudanza.it\/de\/wp-json\/wp\/v2\/product"}],"about":[{"href":"https:\/\/www.letutudanza.it\/de\/wp-json\/wp\/v2\/types\/product"}],"wp:featuredmedia":[{"embeddable":true,"href":"https:\/\/www.letutudanza.it\/de\/wp-json\/wp\/v2\/media\/484445"}],"wp:attachment":[{"href":"https:\/\/www.letutudanza.it\/de\/wp-json\/wp\/v2\/media?parent=484441"}],"wp:term":[{"taxonomy":"product_brand","embeddable":true,"href":"https:\/\/www.letutudanza.it\/de\/wp-json\/wp\/v2\/product_brand?post=484441"},{"taxonomy":"product_cat","embeddable":true,"href":"https:\/\/www.letutudanza.it\/de\/wp-json\/wp\/v2\/product_cat?post=484441"},{"taxonomy":"product_tag","embeddable":true,"href":"https:\/\/www.letutudanza.it\/de\/wp-json\/wp\/v2\/product_tag?post=484441"}],"curies":[{"name":"wp","href":"https:\/\/api.w.org\/{rel}","templated":true}]}}