{"id":484434,"date":"2026-04-07T15:09:11","date_gmt":"2026-04-07T13:09:11","guid":{"rendered":"https:\/\/www.letutudanza.it\/?post_type=product&#038;p=484434"},"modified":"2026-04-07T15:11:48","modified_gmt":"2026-04-07T13:11:48","slug":"tanzshorts-shorts-aus-lycra-copia","status":"publish","type":"product","link":"https:\/\/www.letutudanza.it\/de\/prodotto\/tanzshorts-shorts-aus-lycra-copia","title":{"rendered":"Schwarze Tanzshorts\/Cuolette"},"content":{"rendered":"<p>Halbarm-Body aus altrosa Mikrofaser.<br \/>\n\u00c4rmelr\u00e4nder aus wei\u00dfem Lycra.<br \/>\nVorne gef\u00fcttert<\/p>\n","protected":false},"excerpt":{"rendered":"<p>Tanzshorts\/Coulotte aus schwarzem Lycra<\/p>\n<p> Erh\u00e4ltlich in Gr\u00f6\u00dfe L<\/p>\n","protected":false},"featured_media":484437,"template":"","meta":{"_acf_changed":false},"product_brand":[],"product_cat":[1511,1451],"product_tag":[],"class_list":{"0":"post-484434","1":"product","2":"type-product","3":"status-publish","4":"has-post-thumbnail","6":"product_cat-bekleidungs-outlet","7":"product_cat-auslauf","8":"pa_brand-dl-tanzkleidung","10":"first","11":"instock","12":"sale","13":"shipping-taxable","14":"purchasable","15":"product-type-simple"},"acf":[],"_links":{"self":[{"href":"https:\/\/www.letutudanza.it\/de\/wp-json\/wp\/v2\/product\/484434","targetHints":{"allow":["GET"]}}],"collection":[{"href":"https:\/\/www.letutudanza.it\/de\/wp-json\/wp\/v2\/product"}],"about":[{"href":"https:\/\/www.letutudanza.it\/de\/wp-json\/wp\/v2\/types\/product"}],"wp:featuredmedia":[{"embeddable":true,"href":"https:\/\/www.letutudanza.it\/de\/wp-json\/wp\/v2\/media\/484437"}],"wp:attachment":[{"href":"https:\/\/www.letutudanza.it\/de\/wp-json\/wp\/v2\/media?parent=484434"}],"wp:term":[{"taxonomy":"product_brand","embeddable":true,"href":"https:\/\/www.letutudanza.it\/de\/wp-json\/wp\/v2\/product_brand?post=484434"},{"taxonomy":"product_cat","embeddable":true,"href":"https:\/\/www.letutudanza.it\/de\/wp-json\/wp\/v2\/product_cat?post=484434"},{"taxonomy":"product_tag","embeddable":true,"href":"https:\/\/www.letutudanza.it\/de\/wp-json\/wp\/v2\/product_tag?post=484434"}],"curies":[{"name":"wp","href":"https:\/\/api.w.org\/{rel}","templated":true}]}}