{"id":484117,"date":"2026-04-02T17:12:16","date_gmt":"2026-04-02T15:12:16","guid":{"rendered":"https:\/\/www.letutudanza.it\/?post_type=product&#038;p=484117"},"modified":"2026-04-02T17:25:37","modified_gmt":"2026-04-02T15:25:37","slug":"halbarmeliger-tanzanzug-fur-kleine-madchen-copia","status":"publish","type":"product","link":"https:\/\/www.letutudanza.it\/de\/prodotto\/halbarmeliger-tanzanzug-fur-kleine-madchen-copia","title":{"rendered":"Halb\u00e4rmeliger Tanzanzug f\u00fcr kleine M\u00e4dchen"},"content":{"rendered":"<p>Halbarm-Body aus altrosa Mikrofaser.<br \/>\n\u00c4rmelr\u00e4nder aus wei\u00dfem Lycra.<br \/>\nVorne gef\u00fcttert<\/p>\n","protected":false},"excerpt":{"rendered":"<p>Der Korpus besteht aus elfenbeinfarbenem Lycra (wie auf dem Foto abgebildet).<br \/>\n Formgebende Schnitte vorne und ein etwas tieferer Ausschnitt hinten mit einem zus\u00e4tzlichen Schlitz in der Mitte f\u00fcr eine bessere Passform<br \/>\n Gef\u00fctterte Vorderseite.<\/p>\n<p> 2 St\u00fcck in Gr\u00f6\u00dfe 4\/6 Jahre erh\u00e4ltlich<\/p>\n","protected":false},"featured_media":484121,"template":"","meta":{"_acf_changed":false},"product_brand":[],"product_cat":[1521,1451],"product_tag":[],"class_list":{"0":"post-484117","1":"product","2":"type-product","3":"status-publish","4":"has-post-thumbnail","6":"product_cat-auslasskorper","7":"product_cat-auslauf","8":"pa_brand-dl-tanzkleidung","10":"first","11":"instock","12":"sale","13":"shipping-taxable","14":"purchasable","15":"product-type-simple"},"acf":[],"_links":{"self":[{"href":"https:\/\/www.letutudanza.it\/de\/wp-json\/wp\/v2\/product\/484117","targetHints":{"allow":["GET"]}}],"collection":[{"href":"https:\/\/www.letutudanza.it\/de\/wp-json\/wp\/v2\/product"}],"about":[{"href":"https:\/\/www.letutudanza.it\/de\/wp-json\/wp\/v2\/types\/product"}],"wp:featuredmedia":[{"embeddable":true,"href":"https:\/\/www.letutudanza.it\/de\/wp-json\/wp\/v2\/media\/484121"}],"wp:attachment":[{"href":"https:\/\/www.letutudanza.it\/de\/wp-json\/wp\/v2\/media?parent=484117"}],"wp:term":[{"taxonomy":"product_brand","embeddable":true,"href":"https:\/\/www.letutudanza.it\/de\/wp-json\/wp\/v2\/product_brand?post=484117"},{"taxonomy":"product_cat","embeddable":true,"href":"https:\/\/www.letutudanza.it\/de\/wp-json\/wp\/v2\/product_cat?post=484117"},{"taxonomy":"product_tag","embeddable":true,"href":"https:\/\/www.letutudanza.it\/de\/wp-json\/wp\/v2\/product_tag?post=484117"}],"curies":[{"name":"wp","href":"https:\/\/api.w.org\/{rel}","templated":true}]}}