{"id":483960,"date":"2026-04-01T14:05:05","date_gmt":"2026-04-01T12:05:05","guid":{"rendered":"https:\/\/www.letutudanza.it\/?post_type=product&#038;p=483960"},"modified":"2026-04-01T14:06:19","modified_gmt":"2026-04-01T12:06:19","slug":"bloch-etu-spitzentanzschuhe-copia","status":"publish","type":"product","link":"https:\/\/www.letutudanza.it\/de\/prodotto\/bloch-etu-spitzentanzschuhe-copia","title":{"rendered":"Bloch Etu Spitzentanzschuhe"},"content":{"rendered":"<p><strong>Einzelheiten<\/strong><\/p>\n<ul>\n<li>Traditionelle Relevease\u2122-Einlegesohle<\/li>\n<li>Leichtes U-f\u00f6rmiges Obermaterial<\/li>\n<li>Gro\u00dfe Plattform<\/li>\n<li>Elastischer Kordelzug<\/li>\n<li>Konischer und gebogener Bogen<\/li>\n<li>Verst\u00e4rkter knitterfreier Satin<\/li>\n<li>Zehenpolster innen<\/li>\n<li>Verf\u00fcgbar im XX-Plan<\/li>\n<\/ul>\n","protected":false},"excerpt":{"rendered":"<p>Wenn die modernste Spitzenschuhtechnologie mit dem Besten traditioneller Handwerkskunst verschmilzt, entsteht ETU: ein Produkt, wie es noch nie jemand zuvor hergestellt hat.<br \/>\n Das innovative Design seines Bogens macht ihn \u00e4u\u00dferst komfortabel, langlebig und ger\u00e4uschlos.<\/p>\n<p><strong>Eigenschaften<br \/>\n<\/strong><\/p>\n<ul>\n<li>Eine gepolsterte Innensohle, Zehenschutz und zus\u00e4tzliche Schichten in der inneren Zehenbox machen diese Schuhe zu den bequemsten Spitzenschuhen aller Zeiten<\/li>\n<li>Die nicht-traditionelle Box bietet lang anhaltenden Halt und erm\u00f6glicht eine vollst\u00e4ndige Beweglichkeit des Fu\u00dfes<\/li>\n<li>Das hochwertige PORON\u00ae in diesem Schuh macht ihn ger\u00e4uschlos und absorbiert St\u00f6\u00dfe sowohl im Block als auch im Fu\u00dfgew\u00f6lbe<\/li>\n<li>Die moderne Box, kombiniert mit traditionellen Materialien, aus denen die Spitze besteht, erm\u00f6glicht eine Manipulation, um sie perfekt an den Spann anzupassen. Es liefert auch<\/li>\n<li>ein reaktionsfreudiges, federndes Gef\u00fchl beim Gehen auf Zehenspitzen.<\/li>\n<li>Das ultraflache Design bietet unglaubliche Stabilit\u00e4t auf dem Standfu\u00df<\/li>\n<li>Verf\u00fcgbar im XX-Plan<\/li>\n<\/ul>\n","protected":false},"featured_media":443593,"template":"","meta":{"_acf_changed":false},"product_brand":[],"product_cat":[2683,1617,1663],"product_tag":[],"class_list":{"0":"post-483960","1":"product","2":"type-product","3":"status-publish","4":"has-post-thumbnail","6":"product_cat-bloch-spitzenschuhe","7":"product_cat-schuhe","8":"product_cat-spitzenschuhe","9":"pa_brand-bloch-de","11":"first","12":"instock","13":"shipping-taxable","14":"purchasable","15":"product-type-variable"},"acf":[],"_links":{"self":[{"href":"https:\/\/www.letutudanza.it\/de\/wp-json\/wp\/v2\/product\/483960","targetHints":{"allow":["GET"]}}],"collection":[{"href":"https:\/\/www.letutudanza.it\/de\/wp-json\/wp\/v2\/product"}],"about":[{"href":"https:\/\/www.letutudanza.it\/de\/wp-json\/wp\/v2\/types\/product"}],"wp:featuredmedia":[{"embeddable":true,"href":"https:\/\/www.letutudanza.it\/de\/wp-json\/wp\/v2\/media\/443593"}],"wp:attachment":[{"href":"https:\/\/www.letutudanza.it\/de\/wp-json\/wp\/v2\/media?parent=483960"}],"wp:term":[{"taxonomy":"product_brand","embeddable":true,"href":"https:\/\/www.letutudanza.it\/de\/wp-json\/wp\/v2\/product_brand?post=483960"},{"taxonomy":"product_cat","embeddable":true,"href":"https:\/\/www.letutudanza.it\/de\/wp-json\/wp\/v2\/product_cat?post=483960"},{"taxonomy":"product_tag","embeddable":true,"href":"https:\/\/www.letutudanza.it\/de\/wp-json\/wp\/v2\/product_tag?post=483960"}],"curies":[{"name":"wp","href":"https:\/\/api.w.org\/{rel}","templated":true}]}}