{"id":483911,"date":"2026-04-01T14:02:27","date_gmt":"2026-04-01T12:02:27","guid":{"rendered":"https:\/\/www.letutudanza.it\/?post_type=product&#038;p=483911"},"modified":"2026-04-01T14:03:08","modified_gmt":"2026-04-01T12:03:08","slug":"bloch-etu-flex-spitzentanzschuhe-copia","status":"publish","type":"product","link":"https:\/\/www.letutudanza.it\/de\/prodotto\/bloch-etu-flex-spitzentanzschuhe-copia","title":{"rendered":"Bloch Etu Flex Spitzentanzschuhe"},"content":{"rendered":"<p><strong>Einzelheiten<\/strong><\/p>\n<ul>\n<li>Breite Basis<\/li>\n<li>Leicht U-f\u00f6rmiger Schaft<\/li>\n<li>Elastische Schnur<\/li>\n<li>Konische und gebogene Form<\/li>\n<li>Verst\u00e4rkter Anti-Knitter-Satin<\/li>\n<li>Mikrofasersohle<\/li>\n<li>Geformte Ferse<\/li>\n<li>Angebrachte Zehenabdeckung aus Wildleder<\/li>\n<li>Innenliegendes Spitzenlager<\/li>\n<li>Verf\u00fcgbar im Plan XXX<\/li>\n<\/ul>\n","protected":false},"excerpt":{"rendered":"<p>Etu Flex bietet alle Vorteile der modernen Spitzentechnologie und beh\u00e4lt dank des Designs seiner neuen flexiblen Innensohle gleichzeitig die Vorteile eines traditionellen Spitzenschuhs bei.<\/p>\n<p><strong>Eigenschaften<br \/>\n<\/strong><\/p>\n<ul>\n<li><strong>Weiche\/mittlere Einlegesohle \u2013<\/strong> Das Relevease\u2122-Design wurde \u00fcberarbeitet, um durch die Verwendung traditioneller Materialien mehr Flexibilit\u00e4t zu bieten, ohne auf die Unterst\u00fctzung \u201eauf Spitze\u201c zu verzichten.<\/li>\n<li><strong>Extremer Komfort<\/strong> \u2013 Gepolsterte Innensohle, Zehenkappe und zus\u00e4tzliche Schichten um die Zehen<\/li>\n<li><strong>Langlebig<\/strong> \u2013 Lang anhaltende Unterst\u00fctzung bei gleichzeitiger Erm\u00f6glichung der vollen Artikulation.<\/li>\n<li><strong>PORON\u00ae-D\u00e4mpfung<\/strong> \u2013 Das hochwertige PORON\u00ae in diesem Schuh macht ihn leise und sto\u00dfd\u00e4mpfend im Zehen- und Fu\u00dfgew\u00f6lbebereich.<\/li>\n<li><strong>Hybriddesign<\/strong> \u2013 Traditionelle Materialien in der Sohle erm\u00f6glichen eine perfekte Passform des Schuhs an Ihrem Spann.<\/li>\n<li><strong>Federgef\u00fchl<\/strong> \u2013 Reaktionsschnelles, federndes Gef\u00fchl \u201eauf Spitze\u201c.<\/li>\n<li><strong>Unvergleichliche Stabilit\u00e4t<\/strong> \u2013 Das ultraflache Design sorgt f\u00fcr unglaubliche Stabilit\u00e4t auf dem Standfu\u00df.<\/li>\n<li>Verf\u00fcgbar im Plan XXX<\/li>\n<\/ul>\n","protected":false},"featured_media":479979,"template":"","meta":{"_acf_changed":false},"product_brand":[],"product_cat":[2683,1617,1663],"product_tag":[],"class_list":{"0":"post-483911","1":"product","2":"type-product","3":"status-publish","4":"has-post-thumbnail","6":"product_cat-bloch-spitzenschuhe","7":"product_cat-schuhe","8":"product_cat-spitzenschuhe","9":"pa_brand-bloch-de","11":"first","12":"instock","13":"shipping-taxable","14":"purchasable","15":"product-type-variable"},"acf":[],"_links":{"self":[{"href":"https:\/\/www.letutudanza.it\/de\/wp-json\/wp\/v2\/product\/483911","targetHints":{"allow":["GET"]}}],"collection":[{"href":"https:\/\/www.letutudanza.it\/de\/wp-json\/wp\/v2\/product"}],"about":[{"href":"https:\/\/www.letutudanza.it\/de\/wp-json\/wp\/v2\/types\/product"}],"wp:featuredmedia":[{"embeddable":true,"href":"https:\/\/www.letutudanza.it\/de\/wp-json\/wp\/v2\/media\/479979"}],"wp:attachment":[{"href":"https:\/\/www.letutudanza.it\/de\/wp-json\/wp\/v2\/media?parent=483911"}],"wp:term":[{"taxonomy":"product_brand","embeddable":true,"href":"https:\/\/www.letutudanza.it\/de\/wp-json\/wp\/v2\/product_brand?post=483911"},{"taxonomy":"product_cat","embeddable":true,"href":"https:\/\/www.letutudanza.it\/de\/wp-json\/wp\/v2\/product_cat?post=483911"},{"taxonomy":"product_tag","embeddable":true,"href":"https:\/\/www.letutudanza.it\/de\/wp-json\/wp\/v2\/product_tag?post=483911"}],"curies":[{"name":"wp","href":"https:\/\/api.w.org\/{rel}","templated":true}]}}