{"id":483281,"date":"2026-03-16T17:10:48","date_gmt":"2026-03-16T16:10:48","guid":{"rendered":"https:\/\/www.letutudanza.it\/?post_type=product&#038;p=483281"},"modified":"2026-03-16T17:17:21","modified_gmt":"2026-03-16T16:17:21","slug":"bauernkleid-mit-geblumtem-rock-copia","status":"publish","type":"product","link":"https:\/\/www.letutudanza.it\/de\/prodotto\/bauernkleid-mit-geblumtem-rock-copia","title":{"rendered":"Mini-Degas mit R\u00fcschen"},"content":{"rendered":"<p>Klassisches Tanzkost\u00fcm. Mieder aus Lycra. Linearer Schn\u00fcreinsatz mit Bes\u00e4tzen und Organzablumen. Ausschnitt mit Spitze abgeschlossen. Ballonh\u00fclle aus leichtem Stoff und mit Band und Spitze veredelt. Rock aus weichem T\u00fcll und \u00dcberrock aus blumenbesticktem Mesh und mit R\u00fcschen und B\u00e4ndern vollendet<\/p>\n","protected":false},"excerpt":{"rendered":"<p>Rundhals-Body aus Lycra mit floralen Georgette-R\u00fcschen am Halsausschnitt.<br \/>\n Halb gepuffter \u00c4rmel aus floralem Georgette mit Manschette.<br \/>\n Eine Lage steifer T\u00fcll und ein \u00dcberrock aus floralem Georgette, verziert mit zus\u00e4tzlichen R\u00fcschen aus dem gleichen Stoff.<\/p>\n","protected":false},"featured_media":483288,"template":"","meta":{"_acf_changed":false},"product_brand":[],"product_cat":[1609,1451],"product_tag":[],"class_list":{"0":"post-483281","1":"product","2":"type-product","3":"status-publish","4":"has-post-thumbnail","6":"product_cat-kostum-outlet","7":"product_cat-auslauf","8":"pa_brand-dl-tanzkleidung","10":"first","11":"instock","12":"shipping-taxable","13":"purchasable","14":"product-type-variable"},"acf":[],"_links":{"self":[{"href":"https:\/\/www.letutudanza.it\/de\/wp-json\/wp\/v2\/product\/483281","targetHints":{"allow":["GET"]}}],"collection":[{"href":"https:\/\/www.letutudanza.it\/de\/wp-json\/wp\/v2\/product"}],"about":[{"href":"https:\/\/www.letutudanza.it\/de\/wp-json\/wp\/v2\/types\/product"}],"wp:featuredmedia":[{"embeddable":true,"href":"https:\/\/www.letutudanza.it\/de\/wp-json\/wp\/v2\/media\/483288"}],"wp:attachment":[{"href":"https:\/\/www.letutudanza.it\/de\/wp-json\/wp\/v2\/media?parent=483281"}],"wp:term":[{"taxonomy":"product_brand","embeddable":true,"href":"https:\/\/www.letutudanza.it\/de\/wp-json\/wp\/v2\/product_brand?post=483281"},{"taxonomy":"product_cat","embeddable":true,"href":"https:\/\/www.letutudanza.it\/de\/wp-json\/wp\/v2\/product_cat?post=483281"},{"taxonomy":"product_tag","embeddable":true,"href":"https:\/\/www.letutudanza.it\/de\/wp-json\/wp\/v2\/product_tag?post=483281"}],"curies":[{"name":"wp","href":"https:\/\/api.w.org\/{rel}","templated":true}]}}