{"id":483254,"date":"2021-06-29T17:14:26","date_gmt":"2021-06-29T15:14:26","guid":{"rendered":"https:\/\/www.letutudanza.it\/prodotto\/orangefarbenes-piazza-gemeinschaftskostuem-3"},"modified":"2026-03-16T16:42:10","modified_gmt":"2026-03-16T15:42:10","slug":"orangefarbenes-piazza-gemeinschaftskostuem-3","status":"publish","type":"product","link":"https:\/\/www.letutudanza.it\/de\/prodotto\/orangefarbenes-piazza-gemeinschaftskostuem-3","title":{"rendered":"Orangefarbenes Piazza-\/Gemeinschaftskost\u00fcm"},"content":{"rendered":"","protected":false},"excerpt":{"rendered":"<p>Oberteil aus Lycra mit tiefem, mit wei\u00dfer Spitze besetztem Einsatz, verziert mit Spitzenborten und R\u00fcschen. Kurze \u00c4rmel aus wei\u00dfer Spitze. Doppelrock aus floralem Georgette, der erste Rockteil mit einer R\u00fcsche aus demselben Stoff.  <\/p>\n","protected":false},"featured_media":483258,"template":"","meta":{"_acf_changed":false},"product_brand":[],"product_cat":[1609,1451],"product_tag":[],"class_list":{"0":"post-483254","1":"product","2":"type-product","3":"status-publish","4":"has-post-thumbnail","6":"product_cat-kostum-outlet","7":"product_cat-auslauf","8":"pa_brand-dl-tanzkleidung","10":"first","11":"instock","12":"shipping-taxable","13":"purchasable","14":"product-type-variable"},"acf":[],"_links":{"self":[{"href":"https:\/\/www.letutudanza.it\/de\/wp-json\/wp\/v2\/product\/483254","targetHints":{"allow":["GET"]}}],"collection":[{"href":"https:\/\/www.letutudanza.it\/de\/wp-json\/wp\/v2\/product"}],"about":[{"href":"https:\/\/www.letutudanza.it\/de\/wp-json\/wp\/v2\/types\/product"}],"wp:featuredmedia":[{"embeddable":true,"href":"https:\/\/www.letutudanza.it\/de\/wp-json\/wp\/v2\/media\/483258"}],"wp:attachment":[{"href":"https:\/\/www.letutudanza.it\/de\/wp-json\/wp\/v2\/media?parent=483254"}],"wp:term":[{"taxonomy":"product_brand","embeddable":true,"href":"https:\/\/www.letutudanza.it\/de\/wp-json\/wp\/v2\/product_brand?post=483254"},{"taxonomy":"product_cat","embeddable":true,"href":"https:\/\/www.letutudanza.it\/de\/wp-json\/wp\/v2\/product_cat?post=483254"},{"taxonomy":"product_tag","embeddable":true,"href":"https:\/\/www.letutudanza.it\/de\/wp-json\/wp\/v2\/product_tag?post=483254"}],"curies":[{"name":"wp","href":"https:\/\/api.w.org\/{rel}","templated":true}]}}