{"id":482218,"date":"2025-12-01T12:19:19","date_gmt":"2025-12-01T11:19:19","guid":{"rendered":"https:\/\/www.letutudanza.it\/?post_type=product&#038;p=482218"},"modified":"2025-12-11T11:52:17","modified_gmt":"2025-12-11T10:52:17","slug":"ballerina-schlusselanhanger-aus-metall-copia","status":"publish","type":"product","link":"https:\/\/www.letutudanza.it\/de\/prodotto\/ballerina-schlusselanhanger-aus-metall-copia","title":{"rendered":"Grishko Spitzenschuh-Schl\u00fcsselanh\u00e4nger aus Metall"},"content":{"rendered":"","protected":false},"excerpt":{"rendered":"<p>Schl\u00fcsselanh\u00e4nger aus Metall mit Grishko-Logo auf der R\u00fcckseite<br \/>\n Spitzengr\u00f6\u00dfe: 4 cm<br \/>\n Gesamtgr\u00f6\u00dfe: 8 cm<\/p>\n<p> Perfekt als Geschenkidee oder einfach zum Kaufen und immer bei sich tragen<\/p>\n","protected":false},"featured_media":482221,"template":"","meta":{"_acf_changed":false},"product_brand":[],"product_cat":[1470,1447],"product_tag":[],"class_list":{"0":"post-482218","1":"product","2":"type-product","3":"status-publish","4":"has-post-thumbnail","6":"product_cat-geschenkideen","7":"product_cat-zubehor","8":"pa_brand-grischko","10":"first","11":"instock","12":"shipping-taxable","13":"purchasable","14":"product-type-variable"},"acf":[],"_links":{"self":[{"href":"https:\/\/www.letutudanza.it\/de\/wp-json\/wp\/v2\/product\/482218","targetHints":{"allow":["GET"]}}],"collection":[{"href":"https:\/\/www.letutudanza.it\/de\/wp-json\/wp\/v2\/product"}],"about":[{"href":"https:\/\/www.letutudanza.it\/de\/wp-json\/wp\/v2\/types\/product"}],"wp:featuredmedia":[{"embeddable":true,"href":"https:\/\/www.letutudanza.it\/de\/wp-json\/wp\/v2\/media\/482221"}],"wp:attachment":[{"href":"https:\/\/www.letutudanza.it\/de\/wp-json\/wp\/v2\/media?parent=482218"}],"wp:term":[{"taxonomy":"product_brand","embeddable":true,"href":"https:\/\/www.letutudanza.it\/de\/wp-json\/wp\/v2\/product_brand?post=482218"},{"taxonomy":"product_cat","embeddable":true,"href":"https:\/\/www.letutudanza.it\/de\/wp-json\/wp\/v2\/product_cat?post=482218"},{"taxonomy":"product_tag","embeddable":true,"href":"https:\/\/www.letutudanza.it\/de\/wp-json\/wp\/v2\/product_tag?post=482218"}],"curies":[{"name":"wp","href":"https:\/\/api.w.org\/{rel}","templated":true}]}}