{"id":482161,"date":"2025-12-01T09:38:38","date_gmt":"2025-12-01T08:38:38","guid":{"rendered":"https:\/\/www.letutudanza.it\/?post_type=product&#038;p=482161"},"modified":"2026-04-17T10:53:22","modified_gmt":"2026-04-17T08:53:22","slug":"bloch-olive-metallic-dance-fuswarmer-limitierte-auflage-copia","status":"publish","type":"product","link":"https:\/\/www.letutudanza.it\/de\/prodotto\/bloch-olive-metallic-dance-fuswarmer-limitierte-auflage-copia","title":{"rendered":"Bloch Dance Fu\u00dfw\u00e4rmer Lila Metallic (Limitierte Auflage)"},"content":{"rendered":"<p>Entworfen von den Bloch-K\u00fcnstlern und ehemaligen T\u00e4nzern des American Ballet Theatre, Irina Dvorovenko und Max Beloserkovsky.<br \/>\n Sehr n\u00fctzlich, um sie vor einem Auftritt anzuziehen oder um die F\u00fc\u00dfe zwischen den Unterrichtsstunden warm zu halten.<br \/>\n Bequem und praktisch, auch \u00fcber Schuhen (in diesem Fall empfehlen wir, eine Nummer gr\u00f6\u00dfer zu kaufen als zum Gehen).<\/p>\n<p> Hinweis: Begrenzte Verf\u00fcgbarkeit<\/p>\n","protected":false},"excerpt":{"rendered":"<p>Bloch-Fu\u00dfw\u00e4rmer bestehen aus 100 % Nylon mit einem Futter aus 100 % Polyester.<br \/>\n Dadurch wird dem Fu\u00df au\u00dfergew\u00f6hnliche W\u00e4rme und Komfort geboten.<\/p>\n<ul>\n<li>Verstellbarer Kordelzug oben am Stiefel f\u00fcr eine perfekte Passform<\/li>\n<li>Der kn\u00f6chelhohe Klettverschluss mit gummiertem Bloch-Logo erleichtert das Anziehen<\/li>\n<li>Gepolsterte Ferse<\/li>\n<li>Rutschfeste Sohle<\/li>\n<li>Au\u00dfenseite mit Metalleffekt<\/li>\n<\/ul>\n<p>&nbsp;<\/p>\n<p>&nbsp;<\/p>\n","protected":false},"featured_media":482180,"template":"","meta":{"_acf_changed":false},"product_brand":[],"product_cat":[2096,1513,1522,1447,1448],"product_tag":[],"class_list":{"0":"post-482161","1":"product","2":"type-product","3":"status-publish","4":"has-post-thumbnail","6":"product_cat-fusswarmer","7":"product_cat-kleidung","8":"product_cat-sich-warm-laufen","9":"product_cat-zubehor","10":"product_cat-zubehor-fur-schuhe-und-fusse","11":"pa_brand-bloch-de","13":"first","14":"instock","15":"shipping-taxable","16":"purchasable","17":"product-type-variable"},"acf":[],"_links":{"self":[{"href":"https:\/\/www.letutudanza.it\/de\/wp-json\/wp\/v2\/product\/482161","targetHints":{"allow":["GET"]}}],"collection":[{"href":"https:\/\/www.letutudanza.it\/de\/wp-json\/wp\/v2\/product"}],"about":[{"href":"https:\/\/www.letutudanza.it\/de\/wp-json\/wp\/v2\/types\/product"}],"wp:featuredmedia":[{"embeddable":true,"href":"https:\/\/www.letutudanza.it\/de\/wp-json\/wp\/v2\/media\/482180"}],"wp:attachment":[{"href":"https:\/\/www.letutudanza.it\/de\/wp-json\/wp\/v2\/media?parent=482161"}],"wp:term":[{"taxonomy":"product_brand","embeddable":true,"href":"https:\/\/www.letutudanza.it\/de\/wp-json\/wp\/v2\/product_brand?post=482161"},{"taxonomy":"product_cat","embeddable":true,"href":"https:\/\/www.letutudanza.it\/de\/wp-json\/wp\/v2\/product_cat?post=482161"},{"taxonomy":"product_tag","embeddable":true,"href":"https:\/\/www.letutudanza.it\/de\/wp-json\/wp\/v2\/product_tag?post=482161"}],"curies":[{"name":"wp","href":"https:\/\/api.w.org\/{rel}","templated":true}]}}