{"id":481970,"date":"2025-11-26T12:23:10","date_gmt":"2025-11-26T11:23:10","guid":{"rendered":"https:\/\/www.letutudanza.it\/?post_type=product&#038;p=481970"},"modified":"2026-04-20T19:46:09","modified_gmt":"2026-04-20T17:46:09","slug":"capezio-hanami-dance-halbspitzenschuhe-rosa-2037w-copia","status":"publish","type":"product","link":"https:\/\/www.letutudanza.it\/de\/prodotto\/capezio-hanami-dance-halbspitzenschuhe-rosa-2037w-copia","title":{"rendered":"Capezio Stella Halbspitzenschuhe"},"content":{"rendered":"<p>Produktmerkmale:<\/p>\n<ul>\n<li>Obermaterial aus 100 % Canvas<\/li>\n<li>Wildlederabsatz und -flicken an der Sohle<\/li>\n<li>Ballerina mit geteilter Sohle<\/li>\n<li>Atmungsaktives Baumwollfutter<\/li>\n<li>vorgen\u00e4htes Kreuzgummiband<\/li>\n<li>Elastisches B\u00fcndchen, ohne Kordelzug<\/li>\n<\/ul>\n","protected":false},"excerpt":{"rendered":"<p>Die STELLA bietet die perfekte Kombination aus Komfort, Passform und Bequemlichkeit.<br \/>\n Dieser Halbspitzenschuh passt sich der Fu\u00dfform an und reduziert so das Einknicken des Fu\u00dfes beim Spitzentanz. Er wurde entwickelt, um T\u00e4nzerinnen und T\u00e4nzern aller Leistungsstufen optimalen Halt, ansprechendes Design und Langlebigkeit zu bieten. <\/p>\n","protected":false},"featured_media":482018,"template":"","meta":{"_acf_changed":false},"product_brand":[],"product_cat":[2803,1864,1617],"product_tag":[],"class_list":{"0":"post-481970","1":"product","2":"type-product","3":"status-publish","4":"has-post-thumbnail","6":"product_cat-capezio-halbspitzenschuhe","7":"product_cat-halb-punkt-tanz","8":"product_cat-schuhe","9":"pa_brand-capezio-de","11":"first","12":"instock","13":"shipping-taxable","14":"purchasable","15":"product-type-variable"},"acf":[],"_links":{"self":[{"href":"https:\/\/www.letutudanza.it\/de\/wp-json\/wp\/v2\/product\/481970","targetHints":{"allow":["GET"]}}],"collection":[{"href":"https:\/\/www.letutudanza.it\/de\/wp-json\/wp\/v2\/product"}],"about":[{"href":"https:\/\/www.letutudanza.it\/de\/wp-json\/wp\/v2\/types\/product"}],"wp:featuredmedia":[{"embeddable":true,"href":"https:\/\/www.letutudanza.it\/de\/wp-json\/wp\/v2\/media\/482018"}],"wp:attachment":[{"href":"https:\/\/www.letutudanza.it\/de\/wp-json\/wp\/v2\/media?parent=481970"}],"wp:term":[{"taxonomy":"product_brand","embeddable":true,"href":"https:\/\/www.letutudanza.it\/de\/wp-json\/wp\/v2\/product_brand?post=481970"},{"taxonomy":"product_cat","embeddable":true,"href":"https:\/\/www.letutudanza.it\/de\/wp-json\/wp\/v2\/product_cat?post=481970"},{"taxonomy":"product_tag","embeddable":true,"href":"https:\/\/www.letutudanza.it\/de\/wp-json\/wp\/v2\/product_tag?post=481970"}],"curies":[{"name":"wp","href":"https:\/\/api.w.org\/{rel}","templated":true}]}}