{"id":481843,"date":"2025-11-18T11:48:15","date_gmt":"2025-11-18T10:48:15","guid":{"rendered":"https:\/\/www.letutudanza.it\/?post_type=product&#038;p=481843"},"modified":"2025-12-20T14:00:36","modified_gmt":"2025-12-20T13:00:36","slug":"arabeske-ballerina-halskette-mit-perlgrauen-strasssteinen-copia","status":"publish","type":"product","link":"https:\/\/www.letutudanza.it\/de\/prodotto\/arabeske-ballerina-halskette-mit-perlgrauen-strasssteinen-copia","title":{"rendered":"Ballerina-Halskette in Arabesque mit rosa Strasssteinen"},"content":{"rendered":"<p>Chokerkette aus Stahl mit arabesken Ballerina-Anh\u00e4nger, verziert mit rosa Strasssteinen.<\/p>\n<p>Kettenl\u00e4nge ca. 43 cm.<br \/>\nAnh\u00e4ngergr\u00f6\u00dfe ca. 2,8 cm.<\/p>\n<p>NB: Gratis zu diesem Artikel Rosa Geschenkbox (Gr\u00f6\u00dfe 6,7&#215;5,1&#215;2,6 cm)<\/p>\n","protected":false},"excerpt":{"rendered":"<p>Hypoallergene Stahl-Chokerkette mit emailliertem Ballerina-Anh\u00e4nger und Strasssteinen<\/p>\n<p> Kettenl\u00e4nge ca. 43-50 cm.<br \/>\n Anh\u00e4ngergr\u00f6\u00dfe ca. 2,8 cm.<\/p>\n<p> Artikel wird in Geschenkbox verkauft<\/p>\n","protected":false},"featured_media":481846,"template":"","meta":{"_acf_changed":false},"product_brand":[],"product_cat":[1470],"product_tag":[],"class_list":{"0":"post-481843","1":"product","2":"type-product","3":"status-publish","4":"has-post-thumbnail","6":"product_cat-geschenkideen","7":"pa_brand-girardi-de","9":"first","10":"instock","11":"shipping-taxable","12":"purchasable","13":"product-type-simple"},"acf":[],"_links":{"self":[{"href":"https:\/\/www.letutudanza.it\/de\/wp-json\/wp\/v2\/product\/481843","targetHints":{"allow":["GET"]}}],"collection":[{"href":"https:\/\/www.letutudanza.it\/de\/wp-json\/wp\/v2\/product"}],"about":[{"href":"https:\/\/www.letutudanza.it\/de\/wp-json\/wp\/v2\/types\/product"}],"wp:featuredmedia":[{"embeddable":true,"href":"https:\/\/www.letutudanza.it\/de\/wp-json\/wp\/v2\/media\/481846"}],"wp:attachment":[{"href":"https:\/\/www.letutudanza.it\/de\/wp-json\/wp\/v2\/media?parent=481843"}],"wp:term":[{"taxonomy":"product_brand","embeddable":true,"href":"https:\/\/www.letutudanza.it\/de\/wp-json\/wp\/v2\/product_brand?post=481843"},{"taxonomy":"product_cat","embeddable":true,"href":"https:\/\/www.letutudanza.it\/de\/wp-json\/wp\/v2\/product_cat?post=481843"},{"taxonomy":"product_tag","embeddable":true,"href":"https:\/\/www.letutudanza.it\/de\/wp-json\/wp\/v2\/product_tag?post=481843"}],"curies":[{"name":"wp","href":"https:\/\/api.w.org\/{rel}","templated":true}]}}