{"id":481784,"date":"2025-11-17T16:05:44","date_gmt":"2025-11-17T15:05:44","guid":{"rendered":"https:\/\/www.letutudanza.it\/?post_type=product&#038;p=481784"},"modified":"2025-11-17T16:10:47","modified_gmt":"2025-11-17T15:10:47","slug":"capezio-dance-jockstrap-fur-manner-in-der-farbe-nude-copia","status":"publish","type":"product","link":"https:\/\/www.letutudanza.it\/de\/prodotto\/capezio-dance-jockstrap-fur-manner-in-der-farbe-nude-copia","title":{"rendered":"Sansha Dance Jockstrap"},"content":{"rendered":"<p><strong>Produktmerkmale:<\/strong><\/p>\n<ul>\n<li>90 % Baumwolle, 10 % Lycra\u00ae Spandex<\/li>\n<li>Vorderseite aus gesteppter Baumwolle<\/li>\n<li>3 1\/2&#8243; (8,9 cm) breiter elastischer Strickbund<\/li>\n<\/ul>\n<p>&nbsp;<\/p>\n<p>Kalt in der Maschine waschen, Schonwaschgang und an der Luft trocknen<\/p>\n","protected":false},"excerpt":{"rendered":"<p id=\"tw-target-text\" class=\"tw-data-text tw-text-large tw-ta\" dir=\"ltr\" tabindex=\"-1\" role=\"text\" data-placeholder=\"Traduzione\" data-ved=\"2ahUKEwjWk_TkuvmQAxV6g_0HHeRZECgQ3ewLegQIDRAV\" aria-label=\"Testo tradotto: Questa cintura da ballo \u00e8 realizzata in cotone e lycra e ha tre strati di supporto nella parte anteriore e un elastico in vita largo 5 cm.\"><span class=\"Y2IQFc\" lang=\"it\">Das Kleidungsst\u00fcck besteht aus Baumwolle und Lycra, verf\u00fcgt \u00fcber drei Lagen St\u00fctzmaterial im Vorderteil<\/span> und einen 5 cm breiten elastischen Bund.<\/p>\n<p>Farbe: Nude &#8211; Einteilig erh\u00e4ltlich Gr\u00f6\u00dfe S (Gr\u00f6\u00dfe 3)<\/p>\n<p><strong>Hinweis:<\/strong> Umtausch und\/oder R\u00fcckgabe dieses Artikels sind nicht m\u00f6glich.<\/p>\n","protected":false},"featured_media":481795,"template":"","meta":{"_acf_changed":false},"product_brand":[],"product_cat":[1452,1516,1451,2089,1443],"product_tag":[],"class_list":{"0":"post-481784","1":"product","2":"type-product","3":"status-publish","4":"has-post-thumbnail","6":"product_cat-zubehor-ausfuhrung","7":"product_cat-herrenlinie","8":"product_cat-auslauf","9":"product_cat-tanzunterstutzung","10":"product_cat-tanzunterwasche-und-unterwasche","11":"pa_brand-sanscha","13":"first","14":"instock","15":"sale","16":"shipping-taxable","17":"purchasable","18":"product-type-simple"},"acf":[],"_links":{"self":[{"href":"https:\/\/www.letutudanza.it\/de\/wp-json\/wp\/v2\/product\/481784","targetHints":{"allow":["GET"]}}],"collection":[{"href":"https:\/\/www.letutudanza.it\/de\/wp-json\/wp\/v2\/product"}],"about":[{"href":"https:\/\/www.letutudanza.it\/de\/wp-json\/wp\/v2\/types\/product"}],"wp:featuredmedia":[{"embeddable":true,"href":"https:\/\/www.letutudanza.it\/de\/wp-json\/wp\/v2\/media\/481795"}],"wp:attachment":[{"href":"https:\/\/www.letutudanza.it\/de\/wp-json\/wp\/v2\/media?parent=481784"}],"wp:term":[{"taxonomy":"product_brand","embeddable":true,"href":"https:\/\/www.letutudanza.it\/de\/wp-json\/wp\/v2\/product_brand?post=481784"},{"taxonomy":"product_cat","embeddable":true,"href":"https:\/\/www.letutudanza.it\/de\/wp-json\/wp\/v2\/product_cat?post=481784"},{"taxonomy":"product_tag","embeddable":true,"href":"https:\/\/www.letutudanza.it\/de\/wp-json\/wp\/v2\/product_tag?post=481784"}],"curies":[{"name":"wp","href":"https:\/\/api.w.org\/{rel}","templated":true}]}}