{"id":481700,"date":"2025-11-14T14:19:42","date_gmt":"2025-11-14T13:19:42","guid":{"rendered":"https:\/\/www.letutudanza.it\/?post_type=product&#038;p=481700"},"modified":"2025-12-23T12:29:27","modified_gmt":"2025-12-23T11:29:27","slug":"kleine-rosa-geldborse-mit-spitzenschuhen-copia","status":"publish","type":"product","link":"https:\/\/www.letutudanza.it\/de\/prodotto\/kleine-rosa-geldborse-mit-spitzenschuhen-copia","title":{"rendered":"Kleine wei\u00dfe Geldb\u00f6rse mit Tutu und Spitzenschuhen"},"content":{"rendered":"<p>Portemonnaie aus Kunstleder mit Spitzenschuhen und Tutu-Design auf beiden Seiten.<br \/>\nInnenfach mit 6 F\u00e4chern f\u00fcr Karten oder Dokumente und Mittelf\u00e4cher, davon eines mit Rei\u00dfverschluss f\u00fcr Geldscheine oder M\u00fcnzen.<\/p>\n<p>Gr\u00f6\u00dfe: ca. 14 x 10 cm.<\/p>\n","protected":false},"excerpt":{"rendered":"<p>Geldb\u00f6rse aus Kunstleder mit Abbildung eines Tutus und eines Paares Spitzenschuhe, die an der Ballettstange lehnen<br \/>\n Innenfach mit 6 F\u00e4chern f\u00fcr Karten oder Dokumente und Mittelf\u00e4chern, von denen eines einen Rei\u00dfverschluss f\u00fcr Banknoten oder M\u00fcnzen hat.<\/p>\n<p> Gr\u00f6\u00dfe: ca. 14 x 10 cm.<\/p>\n","protected":false},"featured_media":431259,"template":"","meta":{"_acf_changed":false},"product_brand":[],"product_cat":[1470,1447],"product_tag":[],"class_list":{"0":"post-481700","1":"product","2":"type-product","3":"status-publish","4":"has-post-thumbnail","6":"product_cat-geschenkideen","7":"product_cat-zubehor","8":"pa_brand-girardi-de","10":"first","11":"instock","12":"shipping-taxable","13":"purchasable","14":"product-type-simple"},"acf":[],"_links":{"self":[{"href":"https:\/\/www.letutudanza.it\/de\/wp-json\/wp\/v2\/product\/481700","targetHints":{"allow":["GET"]}}],"collection":[{"href":"https:\/\/www.letutudanza.it\/de\/wp-json\/wp\/v2\/product"}],"about":[{"href":"https:\/\/www.letutudanza.it\/de\/wp-json\/wp\/v2\/types\/product"}],"wp:featuredmedia":[{"embeddable":true,"href":"https:\/\/www.letutudanza.it\/de\/wp-json\/wp\/v2\/media\/431259"}],"wp:attachment":[{"href":"https:\/\/www.letutudanza.it\/de\/wp-json\/wp\/v2\/media?parent=481700"}],"wp:term":[{"taxonomy":"product_brand","embeddable":true,"href":"https:\/\/www.letutudanza.it\/de\/wp-json\/wp\/v2\/product_brand?post=481700"},{"taxonomy":"product_cat","embeddable":true,"href":"https:\/\/www.letutudanza.it\/de\/wp-json\/wp\/v2\/product_cat?post=481700"},{"taxonomy":"product_tag","embeddable":true,"href":"https:\/\/www.letutudanza.it\/de\/wp-json\/wp\/v2\/product_tag?post=481700"}],"curies":[{"name":"wp","href":"https:\/\/api.w.org\/{rel}","templated":true}]}}