{"id":481263,"date":"2025-10-10T16:41:21","date_gmt":"2025-10-10T14:41:21","guid":{"rendered":"https:\/\/www.letutudanza.it\/?post_type=product&#038;p=481263"},"modified":"2026-01-02T14:35:56","modified_gmt":"2026-01-02T13:35:56","slug":"bloch-serenade-strong-spitzenschuhe-copia","status":"publish","type":"product","link":"https:\/\/www.letutudanza.it\/de\/prodotto\/bloch-serenade-strong-spitzenschuhe-copia","title":{"rendered":"Bloch Serenade Strong Spitzentanzschuh, Gr\u00f6\u00dfe B"},"content":{"rendered":"<p>Artikel in Plan B verf\u00fcgbar<\/p>\n","protected":false},"excerpt":{"rendered":"<p>Der Serenade Strong Spitzenschuh bietet alle Vorteile des Serenade und zus\u00e4tzlich eine festere Innensohle. Seine spezielle Passform umschlie\u00dft die Ferse und bietet so optimalen Halt an den Seiten des Fu\u00dfes. <\/p>\n<p><strong>Eigenschaften<\/strong><\/p>\n<ul>\n<li>Der Teil der Einlegesohle, der unter dem Mittelfu\u00df liegt, soll dem T\u00e4nzer helfen, den Fu\u00df im Schuh zu halten und ihm so optimalen Halt zu geben.<\/li>\n<li>Sie verf\u00fcgen \u00fcber eine l\u00e4ngliche St\u00fctze und eine untere Box an der Innenseite; beide Merkmale bieten beim Spitzentanzen eine hervorragende Unterst\u00fctzung der Fu\u00dfseiten.<\/li>\n<li>Die breite Unterst\u00fctzung ist besonders hilfreich f\u00fcr T\u00e4nzer, die dazu neigen, seitlich das Gleichgewicht zu verlieren.<\/li>\n<\/ul>\n","protected":false},"featured_media":326820,"template":"","meta":{"_acf_changed":false},"product_brand":[],"product_cat":[1914,2683,1617,1663],"product_tag":[],"class_list":{"0":"post-481263","1":"product","2":"type-product","3":"status-publish","4":"has-post-thumbnail","6":"product_cat-schuhe-outlet","7":"product_cat-bloch-spitzenschuhe","8":"product_cat-schuhe","9":"product_cat-spitzenschuhe","10":"pa_brand-bloch-de","12":"first","13":"instock","14":"sale","15":"shipping-taxable","16":"purchasable","17":"product-type-variable"},"acf":[],"_links":{"self":[{"href":"https:\/\/www.letutudanza.it\/de\/wp-json\/wp\/v2\/product\/481263","targetHints":{"allow":["GET"]}}],"collection":[{"href":"https:\/\/www.letutudanza.it\/de\/wp-json\/wp\/v2\/product"}],"about":[{"href":"https:\/\/www.letutudanza.it\/de\/wp-json\/wp\/v2\/types\/product"}],"wp:featuredmedia":[{"embeddable":true,"href":"https:\/\/www.letutudanza.it\/de\/wp-json\/wp\/v2\/media\/326820"}],"wp:attachment":[{"href":"https:\/\/www.letutudanza.it\/de\/wp-json\/wp\/v2\/media?parent=481263"}],"wp:term":[{"taxonomy":"product_brand","embeddable":true,"href":"https:\/\/www.letutudanza.it\/de\/wp-json\/wp\/v2\/product_brand?post=481263"},{"taxonomy":"product_cat","embeddable":true,"href":"https:\/\/www.letutudanza.it\/de\/wp-json\/wp\/v2\/product_cat?post=481263"},{"taxonomy":"product_tag","embeddable":true,"href":"https:\/\/www.letutudanza.it\/de\/wp-json\/wp\/v2\/product_tag?post=481263"}],"curies":[{"name":"wp","href":"https:\/\/api.w.org\/{rel}","templated":true}]}}