{"id":481125,"date":"2025-10-10T16:30:00","date_gmt":"2025-10-10T14:30:00","guid":{"rendered":"https:\/\/www.letutudanza.it\/?post_type=product&#038;p=481125"},"modified":"2026-01-02T14:39:35","modified_gmt":"2026-01-02T13:39:35","slug":"bloch-serenade-spitzenschuhe-copia","status":"publish","type":"product","link":"https:\/\/www.letutudanza.it\/de\/prodotto\/bloch-serenade-spitzenschuhe-copia","title":{"rendered":"Bloch Serenade Spitzentanzschuh, Gr\u00f6\u00dfe B"},"content":{"rendered":"<p>Artikel in Plan B verf\u00fcgbar<br \/>\n Achtung: Angebot g\u00fcltig solange der Vorrat reicht<\/p>\n","protected":false},"excerpt":{"rendered":"<p>Serenade-Spitzenschuhe zeichnen sich durch eine spezielle Passform aus, die eng an der Ferse anliegt und so an den Seiten des Fu\u00dfes hervorragenden Halt bietet.<\/p>\n<p><strong>Eigenschaften<\/strong><\/p>\n<ul>\n<li>Der Teil der Einlegesohle, der unter dem Mittelfu\u00dfknochen liegt, soll der T\u00e4nzerin helfen, ihren Fu\u00df im Schuh zu halten. Dadurch wird sichergestellt, dass die Schuhe dem Fu\u00df hervorragenden Halt bieten.<\/li>\n<li>Sie verf\u00fcgen \u00fcber eine l\u00e4ngliche St\u00fctze und eine untere Box an der Innenseite; beide Merkmale bieten beim Spitzentanzen eine hervorragende Unterst\u00fctzung der Fu\u00dfseiten.<\/li>\n<li>Die breite Unterst\u00fctzung ist besonders hilfreich f\u00fcr T\u00e4nzer, die dazu neigen, seitlich das Gleichgewicht zu verlieren.<\/li>\n<\/ul>\n","protected":false},"featured_media":326816,"template":"","meta":{"_acf_changed":false},"product_brand":[],"product_cat":[1914,2683,1617,1663],"product_tag":[],"class_list":{"0":"post-481125","1":"product","2":"type-product","3":"status-publish","4":"has-post-thumbnail","6":"product_cat-schuhe-outlet","7":"product_cat-bloch-spitzenschuhe","8":"product_cat-schuhe","9":"product_cat-spitzenschuhe","10":"pa_brand-bloch-de","12":"first","13":"instock","14":"sale","15":"shipping-taxable","16":"purchasable","17":"product-type-variable"},"acf":[],"_links":{"self":[{"href":"https:\/\/www.letutudanza.it\/de\/wp-json\/wp\/v2\/product\/481125","targetHints":{"allow":["GET"]}}],"collection":[{"href":"https:\/\/www.letutudanza.it\/de\/wp-json\/wp\/v2\/product"}],"about":[{"href":"https:\/\/www.letutudanza.it\/de\/wp-json\/wp\/v2\/types\/product"}],"wp:featuredmedia":[{"embeddable":true,"href":"https:\/\/www.letutudanza.it\/de\/wp-json\/wp\/v2\/media\/326816"}],"wp:attachment":[{"href":"https:\/\/www.letutudanza.it\/de\/wp-json\/wp\/v2\/media?parent=481125"}],"wp:term":[{"taxonomy":"product_brand","embeddable":true,"href":"https:\/\/www.letutudanza.it\/de\/wp-json\/wp\/v2\/product_brand?post=481125"},{"taxonomy":"product_cat","embeddable":true,"href":"https:\/\/www.letutudanza.it\/de\/wp-json\/wp\/v2\/product_cat?post=481125"},{"taxonomy":"product_tag","embeddable":true,"href":"https:\/\/www.letutudanza.it\/de\/wp-json\/wp\/v2\/product_tag?post=481125"}],"curies":[{"name":"wp","href":"https:\/\/api.w.org\/{rel}","templated":true}]}}