{"id":481046,"date":"2025-10-10T13:59:00","date_gmt":"2025-10-10T11:59:00","guid":{"rendered":"https:\/\/www.letutudanza.it\/?post_type=product&#038;p=481046"},"modified":"2025-10-10T14:15:23","modified_gmt":"2025-10-10T12:15:23","slug":"beauty-case-capezio-fleur-grun-copia","status":"publish","type":"product","link":"https:\/\/www.letutudanza.it\/de\/prodotto\/beauty-case-capezio-fleur-grun-copia","title":{"rendered":"Capezio Tanz-Clutch mit Herzen"},"content":{"rendered":"<p><strong>Produktmerkmale:<\/strong><\/p>\n<ul>\n<li>95 % Polyester, 5 % Metall<\/li>\n<li>Aus herzgestepptem Samt<\/li>\n<li>Rei\u00dfverschluss und silberner herzf\u00f6rmiger Rei\u00dfverschluss<\/li>\n<li>Futter mit Capezio-Logo<\/li>\n<li>Capezio-Metallsymbol auf der Vorderseite<\/li>\n<\/ul>\n","protected":false},"excerpt":{"rendered":"<p>Ein ideales Accessoire zur Aufbewahrung von Make-up, Accessoires und kleinen Gegenst\u00e4nden. Dank seiner kompakten Gr\u00f6\u00dfe ist es \u00e4u\u00dferst vielseitig und passt problemlos in Rucks\u00e4cke oder Tanztaschen.<br \/>\n Der herzf\u00f6rmige Rei\u00dfverschluss und das Futter mit Capezio-Logo sind f\u00fcr die stilvollsten K\u00fcnstler konzipiert. <\/p>\n<p>Ma\u00dfe<br \/>\n 7&#8243;L (17,78 cm) x 4&#8243;B (10,16 cm) x 4&#8243;H (10,16 cm)<\/p>\n","protected":false},"featured_media":481051,"template":"","meta":{"_acf_changed":false},"product_brand":[],"product_cat":[1470,1505,1447],"product_tag":[],"class_list":{"0":"post-481046","1":"product","2":"type-product","3":"status-publish","4":"has-post-thumbnail","6":"product_cat-geschenkideen","7":"product_cat-tanztaschen-und-tutu-tasche","8":"product_cat-zubehor","10":"first","11":"instock","12":"shipping-taxable","13":"purchasable","14":"product-type-simple"},"acf":[],"_links":{"self":[{"href":"https:\/\/www.letutudanza.it\/de\/wp-json\/wp\/v2\/product\/481046","targetHints":{"allow":["GET"]}}],"collection":[{"href":"https:\/\/www.letutudanza.it\/de\/wp-json\/wp\/v2\/product"}],"about":[{"href":"https:\/\/www.letutudanza.it\/de\/wp-json\/wp\/v2\/types\/product"}],"wp:featuredmedia":[{"embeddable":true,"href":"https:\/\/www.letutudanza.it\/de\/wp-json\/wp\/v2\/media\/481051"}],"wp:attachment":[{"href":"https:\/\/www.letutudanza.it\/de\/wp-json\/wp\/v2\/media?parent=481046"}],"wp:term":[{"taxonomy":"product_brand","embeddable":true,"href":"https:\/\/www.letutudanza.it\/de\/wp-json\/wp\/v2\/product_brand?post=481046"},{"taxonomy":"product_cat","embeddable":true,"href":"https:\/\/www.letutudanza.it\/de\/wp-json\/wp\/v2\/product_cat?post=481046"},{"taxonomy":"product_tag","embeddable":true,"href":"https:\/\/www.letutudanza.it\/de\/wp-json\/wp\/v2\/product_tag?post=481046"}],"curies":[{"name":"wp","href":"https:\/\/api.w.org\/{rel}","templated":true}]}}