{"id":480965,"date":"2025-10-07T09:08:06","date_gmt":"2025-10-07T07:08:06","guid":{"rendered":"https:\/\/www.letutudanza.it\/?post_type=product&#038;p=480965"},"modified":"2025-10-09T16:14:28","modified_gmt":"2025-10-09T14:14:28","slug":"klassischer-tanzanzug-mit-halblangen-armeln-copia-copia-copia-copia-copia-copia-copia-copia-copia-copia-copia-copia-copia-copia-copia-copia-copia-copia-copia-cop-5","status":"publish","type":"product","link":"https:\/\/www.letutudanza.it\/de\/prodotto\/klassischer-tanzanzug-mit-halblangen-armeln-copia-copia-copia-copia-copia-copia-copia-copia-copia-copia-copia-copia-copia-copia-copia-copia-copia-copia-copia-cop-5","title":{"rendered":"Bloch Desdemona Tutu CL7120 lila"},"content":{"rendered":"<p>Klassischer Body mit halben \u00c4rmeln. Erh\u00e4ltlich in Lycra, Baumwolle oder Mikrofaser.<\/p>\n<p>Auf der Vorderseite gef\u00fcttert<\/p>\n","protected":false},"excerpt":{"rendered":"<div id=\"shopify-section-template--25617241211255__main\" class=\"shopify-section section-product-template\">\n<div data-section-id=\"template--25617241211255__main\" data-section-type=\"product\" data-enable-history-state=\"true\" data-components=\"custom-select\">\n<div class=\"container product-detail very-large-row-under\" data-product-id=\"6605350699094\">\n<div class=\"page-width\">\n<div class=\"product-layout-grid product-layout-grid--medium\">\n<div class=\"product-layout-grid__detail\">\n<div class=\"product-detail__detail sticky-element\">\n<div class=\"large-row large-row-under product-description__no-expand\">\n<div id=\"tab1\" class=\"rte rte--expanded-images clearfix row tab-content tab-content--active product-description__no-expand\">\n<p>Tutu aus fliederfarbenem Lycra, d\u00fcnnen Tr\u00e4gern und T\u00fcllr\u00fcschen auf der Vorderseite.<br \/>\n Rock aus 3 Lagen weichem T\u00fcll.<\/p>\n<\/div>\n<\/div>\n<\/div>\n<\/div>\n<\/div>\n<\/div>\n<\/div>\n<\/div>\n<\/div>\n<p>Vorne gef\u00fcttert<\/p>\n<p>Nur ein St\u00fcck verf\u00fcgbar, Gr\u00f6\u00dfe 8\/10 JAHRE<\/p>\n","protected":false},"featured_media":481009,"template":"","meta":{"_acf_changed":false},"product_brand":[],"product_cat":[1521,1451,1976],"product_tag":[],"class_list":{"0":"post-480965","1":"product","2":"type-product","3":"status-publish","4":"has-post-thumbnail","6":"product_cat-auslasskorper","7":"product_cat-auslauf","8":"product_cat-tutu-und-tutuletten","9":"pa_brand-bloch-de","11":"first","12":"instock","13":"sale","14":"shipping-taxable","15":"purchasable","16":"product-type-simple"},"acf":[],"_links":{"self":[{"href":"https:\/\/www.letutudanza.it\/de\/wp-json\/wp\/v2\/product\/480965","targetHints":{"allow":["GET"]}}],"collection":[{"href":"https:\/\/www.letutudanza.it\/de\/wp-json\/wp\/v2\/product"}],"about":[{"href":"https:\/\/www.letutudanza.it\/de\/wp-json\/wp\/v2\/types\/product"}],"wp:featuredmedia":[{"embeddable":true,"href":"https:\/\/www.letutudanza.it\/de\/wp-json\/wp\/v2\/media\/481009"}],"wp:attachment":[{"href":"https:\/\/www.letutudanza.it\/de\/wp-json\/wp\/v2\/media?parent=480965"}],"wp:term":[{"taxonomy":"product_brand","embeddable":true,"href":"https:\/\/www.letutudanza.it\/de\/wp-json\/wp\/v2\/product_brand?post=480965"},{"taxonomy":"product_cat","embeddable":true,"href":"https:\/\/www.letutudanza.it\/de\/wp-json\/wp\/v2\/product_cat?post=480965"},{"taxonomy":"product_tag","embeddable":true,"href":"https:\/\/www.letutudanza.it\/de\/wp-json\/wp\/v2\/product_tag?post=480965"}],"curies":[{"name":"wp","href":"https:\/\/api.w.org\/{rel}","templated":true}]}}