{"id":480698,"date":"2025-10-02T12:37:40","date_gmt":"2025-10-02T10:37:40","guid":{"rendered":"https:\/\/www.letutudanza.it\/?post_type=product&#038;p=480698"},"modified":"2025-10-06T18:28:42","modified_gmt":"2025-10-06T16:28:42","slug":"blauer-rock-fur-klassischen-tanz-copia-2","status":"publish","type":"product","link":"https:\/\/www.letutudanza.it\/de\/prodotto\/blauer-rock-fur-klassischen-tanz-copia-2","title":{"rendered":"Studio-Tanzrock mit elastischer Taille"},"content":{"rendered":"<p>Klassischer Rock aus fuchsiafarbener Mikrofaser mit hochelastischem Bund.<br \/>\nL\u00e4nge 25 cm<\/p>\n","protected":false},"excerpt":{"rendered":"<p>Klassischer Lycra-Rock, Farbe wie auf dem Foto<br \/>\n 3,5 cm hoher elastischer Bund<\/p>\n<p> Verf\u00fcgbar in Gr\u00f6\u00dfe S<\/p>\n","protected":false},"featured_media":480719,"template":"","meta":{"_acf_changed":false},"product_brand":[],"product_cat":[1511,1451],"product_tag":[],"class_list":{"0":"post-480698","1":"product","2":"type-product","3":"status-publish","4":"has-post-thumbnail","6":"product_cat-bekleidungs-outlet","7":"product_cat-auslauf","8":"pa_brand-dl-tanzkleidung","10":"first","11":"instock","12":"sale","13":"shipping-taxable","14":"purchasable","15":"product-type-simple"},"acf":[],"_links":{"self":[{"href":"https:\/\/www.letutudanza.it\/de\/wp-json\/wp\/v2\/product\/480698","targetHints":{"allow":["GET"]}}],"collection":[{"href":"https:\/\/www.letutudanza.it\/de\/wp-json\/wp\/v2\/product"}],"about":[{"href":"https:\/\/www.letutudanza.it\/de\/wp-json\/wp\/v2\/types\/product"}],"wp:featuredmedia":[{"embeddable":true,"href":"https:\/\/www.letutudanza.it\/de\/wp-json\/wp\/v2\/media\/480719"}],"wp:attachment":[{"href":"https:\/\/www.letutudanza.it\/de\/wp-json\/wp\/v2\/media?parent=480698"}],"wp:term":[{"taxonomy":"product_brand","embeddable":true,"href":"https:\/\/www.letutudanza.it\/de\/wp-json\/wp\/v2\/product_brand?post=480698"},{"taxonomy":"product_cat","embeddable":true,"href":"https:\/\/www.letutudanza.it\/de\/wp-json\/wp\/v2\/product_cat?post=480698"},{"taxonomy":"product_tag","embeddable":true,"href":"https:\/\/www.letutudanza.it\/de\/wp-json\/wp\/v2\/product_tag?post=480698"}],"curies":[{"name":"wp","href":"https:\/\/api.w.org\/{rel}","templated":true}]}}