{"id":480554,"date":"2025-10-02T10:13:44","date_gmt":"2025-10-02T08:13:44","guid":{"rendered":"https:\/\/www.letutudanza.it\/?post_type=product&#038;p=480554"},"modified":"2025-10-06T20:01:38","modified_gmt":"2025-10-06T18:01:38","slug":"schwarzer-tanz-hoodie-copia","status":"publish","type":"product","link":"https:\/\/www.letutudanza.it\/de\/prodotto\/schwarzer-tanz-hoodie-copia","title":{"rendered":"Tanz-Sweatshirt mit Raglan\u00e4rmeln"},"content":{"rendered":"<p>&nbsp;<\/p>\n<p>&nbsp;<\/p>\n","protected":false},"excerpt":{"rendered":"<p>Schwarzes Langarm-Sweatshirt mit Rei\u00dfverschluss, Kragen und 3\/4-Raglan\u00e4rmeln. Doppelte Fronttasche.<br \/>\n Aus geb\u00fcrsteter Baumwolle <\/p>\n<p>Einheitsgr\u00f6\u00dfe verf\u00fcgbar 8\/10 Jahre<\/p>\n","protected":false},"featured_media":480558,"template":"","meta":{"_acf_changed":false},"product_brand":[],"product_cat":[1511,1451],"product_tag":[],"class_list":{"0":"post-480554","1":"product","2":"type-product","3":"status-publish","4":"has-post-thumbnail","6":"product_cat-bekleidungs-outlet","7":"product_cat-auslauf","8":"pa_brand-dl-tanzkleidung","10":"first","11":"instock","12":"sale","13":"shipping-taxable","14":"purchasable","15":"product-type-simple"},"acf":[],"_links":{"self":[{"href":"https:\/\/www.letutudanza.it\/de\/wp-json\/wp\/v2\/product\/480554","targetHints":{"allow":["GET"]}}],"collection":[{"href":"https:\/\/www.letutudanza.it\/de\/wp-json\/wp\/v2\/product"}],"about":[{"href":"https:\/\/www.letutudanza.it\/de\/wp-json\/wp\/v2\/types\/product"}],"wp:featuredmedia":[{"embeddable":true,"href":"https:\/\/www.letutudanza.it\/de\/wp-json\/wp\/v2\/media\/480558"}],"wp:attachment":[{"href":"https:\/\/www.letutudanza.it\/de\/wp-json\/wp\/v2\/media?parent=480554"}],"wp:term":[{"taxonomy":"product_brand","embeddable":true,"href":"https:\/\/www.letutudanza.it\/de\/wp-json\/wp\/v2\/product_brand?post=480554"},{"taxonomy":"product_cat","embeddable":true,"href":"https:\/\/www.letutudanza.it\/de\/wp-json\/wp\/v2\/product_cat?post=480554"},{"taxonomy":"product_tag","embeddable":true,"href":"https:\/\/www.letutudanza.it\/de\/wp-json\/wp\/v2\/product_tag?post=480554"}],"curies":[{"name":"wp","href":"https:\/\/api.w.org\/{rel}","templated":true}]}}