{"id":480540,"date":"2025-10-02T10:05:00","date_gmt":"2025-10-02T08:05:00","guid":{"rendered":"https:\/\/www.letutudanza.it\/?post_type=product&#038;p=480540"},"modified":"2025-10-06T20:07:30","modified_gmt":"2025-10-06T18:07:30","slug":"weises-tanz-sweatshirt-mit-kapuze-copia-copia-copia","status":"publish","type":"product","link":"https:\/\/www.letutudanza.it\/de\/prodotto\/weises-tanz-sweatshirt-mit-kapuze-copia-copia-copia","title":{"rendered":"Schwarzer Dance-Kapuzenpullover mit Rei\u00dfverschluss"},"content":{"rendered":"<p>&nbsp;<\/p>\n<p>&nbsp;<\/p>\n","protected":false},"excerpt":{"rendered":"<p>Schwarzes Langarm-Sweatshirt, hoher Kragen und Rei\u00dfverschluss, tailliertes Modell.<br \/>\n Doppelte Tasche auf der Vorderseite<\/p>\n<p> Einheitsgr\u00f6\u00dfe verf\u00fcgbar 8\/10 Jahre<\/p>\n","protected":false},"featured_media":480542,"template":"","meta":{"_acf_changed":false},"product_brand":[],"product_cat":[1511,1451],"product_tag":[],"class_list":{"0":"post-480540","1":"product","2":"type-product","3":"status-publish","4":"has-post-thumbnail","6":"product_cat-bekleidungs-outlet","7":"product_cat-auslauf","8":"pa_brand-dl-tanzkleidung","10":"first","11":"instock","12":"sale","13":"shipping-taxable","14":"purchasable","15":"product-type-simple"},"acf":[],"_links":{"self":[{"href":"https:\/\/www.letutudanza.it\/de\/wp-json\/wp\/v2\/product\/480540","targetHints":{"allow":["GET"]}}],"collection":[{"href":"https:\/\/www.letutudanza.it\/de\/wp-json\/wp\/v2\/product"}],"about":[{"href":"https:\/\/www.letutudanza.it\/de\/wp-json\/wp\/v2\/types\/product"}],"wp:featuredmedia":[{"embeddable":true,"href":"https:\/\/www.letutudanza.it\/de\/wp-json\/wp\/v2\/media\/480542"}],"wp:attachment":[{"href":"https:\/\/www.letutudanza.it\/de\/wp-json\/wp\/v2\/media?parent=480540"}],"wp:term":[{"taxonomy":"product_brand","embeddable":true,"href":"https:\/\/www.letutudanza.it\/de\/wp-json\/wp\/v2\/product_brand?post=480540"},{"taxonomy":"product_cat","embeddable":true,"href":"https:\/\/www.letutudanza.it\/de\/wp-json\/wp\/v2\/product_cat?post=480540"},{"taxonomy":"product_tag","embeddable":true,"href":"https:\/\/www.letutudanza.it\/de\/wp-json\/wp\/v2\/product_tag?post=480540"}],"curies":[{"name":"wp","href":"https:\/\/api.w.org\/{rel}","templated":true}]}}