{"id":480466,"date":"2025-10-01T12:29:27","date_gmt":"2025-10-01T10:29:27","guid":{"rendered":"https:\/\/www.letutudanza.it\/?post_type=product&#038;p=480466"},"modified":"2025-11-18T16:03:12","modified_gmt":"2025-11-18T15:03:12","slug":"klassischer-tanzanzug-mit-halblangen-armeln-copia-copia-copia-copia-copia-copia-copia-copia-copia-copia-copia-copia-copia-copia-copia-copia-copia","status":"publish","type":"product","link":"https:\/\/www.letutudanza.it\/de\/prodotto\/klassischer-tanzanzug-mit-halblangen-armeln-copia-copia-copia-copia-copia-copia-copia-copia-copia-copia-copia-copia-copia-copia-copia-copia-copia","title":{"rendered":"Pinkfarbener Tanzbody mit Crossovers"},"content":{"rendered":"<p>Klassischer Body mit halben \u00c4rmeln. Erh\u00e4ltlich in Lycra, Baumwolle oder Mikrofaser.<\/p>\n<p>Auf der Vorderseite gef\u00fcttert<\/p>\n","protected":false},"excerpt":{"rendered":"<p>Mikrofaser-Body mit Rundhalsausschnitt und halblangen \u00c4rmeln.<br \/>\n Das R\u00fcckenteil hat einen Halsausschnitt unterhalb des Schulterblatts und ist mit 3 \u00fcberkreuzten Eins\u00e4tzen aus dem gleichen Stoff wie der Body versehen.<\/p>\n<p> Vorderseite gef\u00fcttert<\/p>\n<p> Nur eine Gr\u00f6\u00dfe verf\u00fcgbar (6\/7 Jahre)<\/p>\n","protected":false},"featured_media":480470,"template":"","meta":{"_acf_changed":false},"product_brand":[],"product_cat":[1521,1451],"product_tag":[],"class_list":{"0":"post-480466","1":"product","2":"type-product","3":"status-publish","4":"has-post-thumbnail","6":"product_cat-auslasskorper","7":"product_cat-auslauf","8":"pa_brand-dl-tanzkleidung","10":"first","11":"instock","12":"sale","13":"shipping-taxable","14":"purchasable","15":"product-type-simple"},"acf":[],"_links":{"self":[{"href":"https:\/\/www.letutudanza.it\/de\/wp-json\/wp\/v2\/product\/480466","targetHints":{"allow":["GET"]}}],"collection":[{"href":"https:\/\/www.letutudanza.it\/de\/wp-json\/wp\/v2\/product"}],"about":[{"href":"https:\/\/www.letutudanza.it\/de\/wp-json\/wp\/v2\/types\/product"}],"wp:featuredmedia":[{"embeddable":true,"href":"https:\/\/www.letutudanza.it\/de\/wp-json\/wp\/v2\/media\/480470"}],"wp:attachment":[{"href":"https:\/\/www.letutudanza.it\/de\/wp-json\/wp\/v2\/media?parent=480466"}],"wp:term":[{"taxonomy":"product_brand","embeddable":true,"href":"https:\/\/www.letutudanza.it\/de\/wp-json\/wp\/v2\/product_brand?post=480466"},{"taxonomy":"product_cat","embeddable":true,"href":"https:\/\/www.letutudanza.it\/de\/wp-json\/wp\/v2\/product_cat?post=480466"},{"taxonomy":"product_tag","embeddable":true,"href":"https:\/\/www.letutudanza.it\/de\/wp-json\/wp\/v2\/product_tag?post=480466"}],"curies":[{"name":"wp","href":"https:\/\/api.w.org\/{rel}","templated":true}]}}