{"id":480351,"date":"2025-09-30T17:12:02","date_gmt":"2025-09-30T15:12:02","guid":{"rendered":"https:\/\/www.letutudanza.it\/?post_type=product&#038;p=480351"},"modified":"2025-09-30T17:49:00","modified_gmt":"2025-09-30T15:49:00","slug":"flavia-tanztrikot-mit-geraffter-taille-und-breiten-tragern-copia","status":"publish","type":"product","link":"https:\/\/www.letutudanza.it\/de\/prodotto\/flavia-tanztrikot-mit-geraffter-taille-und-breiten-tragern-copia","title":{"rendered":"Tanzbody mit Schnitten, Brustraffung und Eva-Mesh-Tr\u00e4gern"},"content":{"rendered":"<p>Armloch-Body mit Paspeln, Tropfenausschnitt auf der R\u00fcckseite und Schn\u00fcrverschluss. Auf Bestellung gefertigt, auch in nicht aufgef\u00fchrten Gr\u00f6\u00dfen und Farben erh\u00e4ltlich<\/p>\n<p>Vorne gef\u00fcttert.<\/p>\n","protected":false},"excerpt":{"rendered":"<p>Bodysuit mit herzf\u00f6rmigem Ausschnitt, festen Raffungen und Unterbrustausschnitt.<br \/>\n Formende Schnitte entlang des Oberteils. Breite Tr\u00e4ger und ein etwas tieferer Ausschnitt auf der R\u00fcckseite.<br \/>\n Gef\u00fctterte Vorderseite. <\/p>\n","protected":false},"featured_media":480359,"template":"","meta":{"_acf_changed":false},"product_brand":[],"product_cat":[1513,1550],"product_tag":[1552],"class_list":{"0":"post-480351","1":"product","2":"type-product","3":"status-publish","4":"has-post-thumbnail","6":"product_cat-kleidung","7":"product_cat-korper-tanz","8":"product_tag-balletttrikot-fur-erwachsene","9":"pa_brand-dl-tanzkleidung","11":"first","12":"instock","13":"shipping-taxable","14":"purchasable","15":"product-type-variable"},"acf":[],"_links":{"self":[{"href":"https:\/\/www.letutudanza.it\/de\/wp-json\/wp\/v2\/product\/480351","targetHints":{"allow":["GET"]}}],"collection":[{"href":"https:\/\/www.letutudanza.it\/de\/wp-json\/wp\/v2\/product"}],"about":[{"href":"https:\/\/www.letutudanza.it\/de\/wp-json\/wp\/v2\/types\/product"}],"wp:featuredmedia":[{"embeddable":true,"href":"https:\/\/www.letutudanza.it\/de\/wp-json\/wp\/v2\/media\/480359"}],"wp:attachment":[{"href":"https:\/\/www.letutudanza.it\/de\/wp-json\/wp\/v2\/media?parent=480351"}],"wp:term":[{"taxonomy":"product_brand","embeddable":true,"href":"https:\/\/www.letutudanza.it\/de\/wp-json\/wp\/v2\/product_brand?post=480351"},{"taxonomy":"product_cat","embeddable":true,"href":"https:\/\/www.letutudanza.it\/de\/wp-json\/wp\/v2\/product_cat?post=480351"},{"taxonomy":"product_tag","embeddable":true,"href":"https:\/\/www.letutudanza.it\/de\/wp-json\/wp\/v2\/product_tag?post=480351"}],"curies":[{"name":"wp","href":"https:\/\/api.w.org\/{rel}","templated":true}]}}