{"id":480128,"date":"2025-09-29T16:18:25","date_gmt":"2025-09-29T14:18:25","guid":{"rendered":"https:\/\/www.letutudanza.it\/?post_type=product&#038;p=480128"},"modified":"2025-09-30T17:07:24","modified_gmt":"2025-09-30T15:07:24","slug":"serena-neckholder-tanztrikot-aus-lycra-und-spitze-copia","status":"publish","type":"product","link":"https:\/\/www.letutudanza.it\/de\/prodotto\/serena-neckholder-tanztrikot-aus-lycra-und-spitze-copia","title":{"rendered":"Taissa Neckholder-Bodysuit mit Netz-Finish"},"content":{"rendered":"<p>Armloch-Body mit Paspeln, Tropfenausschnitt auf der R\u00fcckseite und Schn\u00fcrverschluss. Auf Bestellung gefertigt, auch in nicht aufgef\u00fchrten Gr\u00f6\u00dfen und Farben erh\u00e4ltlich<\/p>\n<p>Vorne gef\u00fcttert.<\/p>\n","protected":false},"excerpt":{"rendered":"<p>Neckholder-Body mit gro\u00dfem Mesh-Einsatz am Ausschnitt und Rippstrickb\u00fcndchen an der H\u00fcfte f\u00fcr Eleganz und vor allem eine bessere Passform. Markantes R\u00fcckendekollet\u00e9 komplett aus Mesh gefertigt und mit einer Borte versehen. Knopfverschluss am Kragen.<br \/>\n Gef\u00fctterte Vorderseite.  <\/p>\n","protected":false},"featured_media":480332,"template":"","meta":{"_acf_changed":false},"product_brand":[],"product_cat":[1513,1550],"product_tag":[1552],"class_list":{"0":"post-480128","1":"product","2":"type-product","3":"status-publish","4":"has-post-thumbnail","6":"product_cat-kleidung","7":"product_cat-korper-tanz","8":"product_tag-balletttrikot-fur-erwachsene","9":"pa_brand-dl-tanzkleidung","11":"first","12":"instock","13":"shipping-taxable","14":"purchasable","15":"product-type-variable"},"acf":[],"_links":{"self":[{"href":"https:\/\/www.letutudanza.it\/de\/wp-json\/wp\/v2\/product\/480128","targetHints":{"allow":["GET"]}}],"collection":[{"href":"https:\/\/www.letutudanza.it\/de\/wp-json\/wp\/v2\/product"}],"about":[{"href":"https:\/\/www.letutudanza.it\/de\/wp-json\/wp\/v2\/types\/product"}],"wp:featuredmedia":[{"embeddable":true,"href":"https:\/\/www.letutudanza.it\/de\/wp-json\/wp\/v2\/media\/480332"}],"wp:attachment":[{"href":"https:\/\/www.letutudanza.it\/de\/wp-json\/wp\/v2\/media?parent=480128"}],"wp:term":[{"taxonomy":"product_brand","embeddable":true,"href":"https:\/\/www.letutudanza.it\/de\/wp-json\/wp\/v2\/product_brand?post=480128"},{"taxonomy":"product_cat","embeddable":true,"href":"https:\/\/www.letutudanza.it\/de\/wp-json\/wp\/v2\/product_cat?post=480128"},{"taxonomy":"product_tag","embeddable":true,"href":"https:\/\/www.letutudanza.it\/de\/wp-json\/wp\/v2\/product_tag?post=480128"}],"curies":[{"name":"wp","href":"https:\/\/api.w.org\/{rel}","templated":true}]}}