{"id":479510,"date":"2025-09-25T13:23:15","date_gmt":"2025-09-25T11:23:15","guid":{"rendered":"https:\/\/www.letutudanza.it\/?post_type=product&#038;p=479510"},"modified":"2025-09-25T13:34:31","modified_gmt":"2025-09-25T11:34:31","slug":"tanztrikot-mit-tragern-und-dory-kreuzen-copia","status":"publish","type":"product","link":"https:\/\/www.letutudanza.it\/de\/prodotto\/tanztrikot-mit-tragern-und-dory-kreuzen-copia","title":{"rendered":"Nan\u00e0 Doppeltr\u00e4ger-Tanztrikot mit \u00fcberkreuzten Tr\u00e4gern"},"content":{"rendered":"<p>Body Dorie mit Tr\u00e4gern. Brustausschnitt und Falten auf der Vorderseite, um dem K\u00f6rper eine bessere Passform zu verleihen.<br \/>\nSehr tiefer Ausschnitt auf der R\u00fcckseite mit Doppelkreuzung.<\/p>\n<p>Body mit Frontfutter<\/p>\n","protected":false},"excerpt":{"rendered":"<p>Bodysuit mit Tanktop-Schnitt auf der Vorderseite.<br \/>\n Doppelte Tr\u00e4ger und spezielle \u00dcberkreuzung auf der R\u00fcckseite<br \/>\n Sehr tiefer Ausschnitt, vorne gef\u00fcttert<\/p>\n","protected":false},"featured_media":479518,"template":"","meta":{"_acf_changed":false},"product_brand":[],"product_cat":[1513,1550],"product_tag":[1552],"class_list":{"0":"post-479510","1":"product","2":"type-product","3":"status-publish","4":"has-post-thumbnail","6":"product_cat-kleidung","7":"product_cat-korper-tanz","8":"product_tag-balletttrikot-fur-erwachsene","9":"pa_brand-dl-tanzkleidung","11":"first","12":"instock","13":"shipping-taxable","14":"purchasable","15":"product-type-variable"},"acf":[],"_links":{"self":[{"href":"https:\/\/www.letutudanza.it\/de\/wp-json\/wp\/v2\/product\/479510","targetHints":{"allow":["GET"]}}],"collection":[{"href":"https:\/\/www.letutudanza.it\/de\/wp-json\/wp\/v2\/product"}],"about":[{"href":"https:\/\/www.letutudanza.it\/de\/wp-json\/wp\/v2\/types\/product"}],"wp:featuredmedia":[{"embeddable":true,"href":"https:\/\/www.letutudanza.it\/de\/wp-json\/wp\/v2\/media\/479518"}],"wp:attachment":[{"href":"https:\/\/www.letutudanza.it\/de\/wp-json\/wp\/v2\/media?parent=479510"}],"wp:term":[{"taxonomy":"product_brand","embeddable":true,"href":"https:\/\/www.letutudanza.it\/de\/wp-json\/wp\/v2\/product_brand?post=479510"},{"taxonomy":"product_cat","embeddable":true,"href":"https:\/\/www.letutudanza.it\/de\/wp-json\/wp\/v2\/product_cat?post=479510"},{"taxonomy":"product_tag","embeddable":true,"href":"https:\/\/www.letutudanza.it\/de\/wp-json\/wp\/v2\/product_tag?post=479510"}],"curies":[{"name":"wp","href":"https:\/\/api.w.org\/{rel}","templated":true}]}}