{"id":479291,"date":"2025-09-25T11:08:56","date_gmt":"2025-09-25T09:08:56","guid":{"rendered":"https:\/\/www.letutudanza.it\/?post_type=product&#038;p=479291"},"modified":"2025-09-25T11:13:31","modified_gmt":"2025-09-25T09:13:31","slug":"amerika-tanzbody-still-mit-ausschnitt-copia-copia","status":"publish","type":"product","link":"https:\/\/www.letutudanza.it\/de\/prodotto\/amerika-tanzbody-still-mit-ausschnitt-copia-copia","title":{"rendered":"Serena Neckholder-Tanztrikot aus Lycra und Spitze"},"content":{"rendered":"<p>Armloch-Body mit Paspeln, Tropfenausschnitt auf der R\u00fcckseite und Schn\u00fcrverschluss. Auf Bestellung gefertigt, auch in nicht aufgef\u00fchrten Gr\u00f6\u00dfen und Farben erh\u00e4ltlich<\/p>\n<p>Vorne gef\u00fcttert.<\/p>\n","protected":false},"excerpt":{"rendered":"<p>Neckholder-Body aus Lycra mit Paspelierung und Spitzenknopfverschluss.<br \/>\n Tiefer Ausschnitt hinten und Oberteil komplett aus elastischer Spitze.<br \/>\n Mittig geschnitten und gerafft, um die Passform zu verbessern.<br \/>\n Gef\u00fctterte Vorderseite.<\/p>\n<p> NB: Der K\u00f6rper ist nur in der Farbe auf dem Foto erh\u00e4ltlich<\/p>\n","protected":false},"featured_media":479306,"template":"","meta":{"_acf_changed":false},"product_brand":[],"product_cat":[1513,1550],"product_tag":[1552],"class_list":{"0":"post-479291","1":"product","2":"type-product","3":"status-publish","4":"has-post-thumbnail","6":"product_cat-kleidung","7":"product_cat-korper-tanz","8":"product_tag-balletttrikot-fur-erwachsene","9":"pa_brand-dl-tanzkleidung","11":"first","12":"instock","13":"shipping-taxable","14":"purchasable","15":"product-type-variable"},"acf":[],"_links":{"self":[{"href":"https:\/\/www.letutudanza.it\/de\/wp-json\/wp\/v2\/product\/479291","targetHints":{"allow":["GET"]}}],"collection":[{"href":"https:\/\/www.letutudanza.it\/de\/wp-json\/wp\/v2\/product"}],"about":[{"href":"https:\/\/www.letutudanza.it\/de\/wp-json\/wp\/v2\/types\/product"}],"wp:featuredmedia":[{"embeddable":true,"href":"https:\/\/www.letutudanza.it\/de\/wp-json\/wp\/v2\/media\/479306"}],"wp:attachment":[{"href":"https:\/\/www.letutudanza.it\/de\/wp-json\/wp\/v2\/media?parent=479291"}],"wp:term":[{"taxonomy":"product_brand","embeddable":true,"href":"https:\/\/www.letutudanza.it\/de\/wp-json\/wp\/v2\/product_brand?post=479291"},{"taxonomy":"product_cat","embeddable":true,"href":"https:\/\/www.letutudanza.it\/de\/wp-json\/wp\/v2\/product_cat?post=479291"},{"taxonomy":"product_tag","embeddable":true,"href":"https:\/\/www.letutudanza.it\/de\/wp-json\/wp\/v2\/product_tag?post=479291"}],"curies":[{"name":"wp","href":"https:\/\/api.w.org\/{rel}","templated":true}]}}