{"id":478606,"date":"2025-09-19T15:55:42","date_gmt":"2025-09-19T13:55:42","guid":{"rendered":"https:\/\/www.letutudanza.it\/?post_type=product&#038;p=478606"},"modified":"2025-09-19T16:45:11","modified_gmt":"2025-09-19T14:45:11","slug":"giulietta-trager-tanztrikot-copia","status":"publish","type":"product","link":"https:\/\/www.letutudanza.it\/de\/prodotto\/giulietta-trager-tanztrikot-copia","title":{"rendered":"Paola Dance Bodysuit mit Tr\u00e4gern und Ausschnitten am Oberteil"},"content":{"rendered":"<p>K\u00f6rper Julia. Body mit Tr\u00e4gern und Rundhalsausschnitt.<br \/>\nAkademisches Studienmodell, ideal f\u00fcr alle Studieng\u00e4nge und f\u00fcr jedes Alter.<\/p>\n<p>Vorne gef\u00fcttert.<\/p>\n","protected":false},"excerpt":{"rendered":"<p>Body mit Tr\u00e4gern und Rundhalsausschnitt vorne, tiefer hinten<br \/>\n Formende Schnitte am Oberteil vorne und hinten verbessern die Passform.<br \/>\n Gef\u00fctterte Vorderseite.<\/p>\n","protected":false},"featured_media":478619,"template":"","meta":{"_acf_changed":false},"product_brand":[],"product_cat":[1513,1550],"product_tag":[1552],"class_list":{"0":"post-478606","1":"product","2":"type-product","3":"status-publish","4":"has-post-thumbnail","6":"product_cat-kleidung","7":"product_cat-korper-tanz","8":"product_tag-balletttrikot-fur-erwachsene","9":"pa_brand-dl-tanzkleidung","11":"first","12":"instock","13":"shipping-taxable","14":"purchasable","15":"product-type-variable"},"acf":[],"_links":{"self":[{"href":"https:\/\/www.letutudanza.it\/de\/wp-json\/wp\/v2\/product\/478606","targetHints":{"allow":["GET"]}}],"collection":[{"href":"https:\/\/www.letutudanza.it\/de\/wp-json\/wp\/v2\/product"}],"about":[{"href":"https:\/\/www.letutudanza.it\/de\/wp-json\/wp\/v2\/types\/product"}],"wp:featuredmedia":[{"embeddable":true,"href":"https:\/\/www.letutudanza.it\/de\/wp-json\/wp\/v2\/media\/478619"}],"wp:attachment":[{"href":"https:\/\/www.letutudanza.it\/de\/wp-json\/wp\/v2\/media?parent=478606"}],"wp:term":[{"taxonomy":"product_brand","embeddable":true,"href":"https:\/\/www.letutudanza.it\/de\/wp-json\/wp\/v2\/product_brand?post=478606"},{"taxonomy":"product_cat","embeddable":true,"href":"https:\/\/www.letutudanza.it\/de\/wp-json\/wp\/v2\/product_cat?post=478606"},{"taxonomy":"product_tag","embeddable":true,"href":"https:\/\/www.letutudanza.it\/de\/wp-json\/wp\/v2\/product_tag?post=478606"}],"curies":[{"name":"wp","href":"https:\/\/api.w.org\/{rel}","templated":true}]}}