{"id":478457,"date":"2025-09-18T15:22:00","date_gmt":"2025-09-18T13:22:00","guid":{"rendered":"https:\/\/www.letutudanza.it\/?post_type=product&#038;p=478457"},"modified":"2025-09-27T20:40:28","modified_gmt":"2025-09-27T18:40:28","slug":"giulietta-akademischer-tanzanzug-mit-tragern-copia-2","status":"publish","type":"product","link":"https:\/\/www.letutudanza.it\/de\/prodotto\/giulietta-akademischer-tanzanzug-mit-tragern-copia-2","title":{"rendered":"Nan\u00e0 Akademischer Tanzanzug mit Bord\u00fcre und \u00fcberkreuzten R\u00fcckenpartien"},"content":{"rendered":"<p>Akademischer Overall mit Tr\u00e4gern, tiefem R\u00fcckenausschnitt, Trico darunter.<\/p>\n","protected":false},"excerpt":{"rendered":"<p>Akademischer Trainingsanzug mit Rundhalsausschnitt und Einfassung auf der Vorderseite.<br \/>\n Doppelter Saum mit Crossover im R\u00fccken und tiefem Ausschnitt<br \/>\n Hergestellt mit Strumpfhose\/Trikot darunter.<\/p>\n","protected":false},"featured_media":478468,"template":"","meta":{"_acf_changed":false},"product_brand":[],"product_cat":[1596,1513],"product_tag":[],"class_list":{"0":"post-478457","1":"product","2":"type-product","3":"status-publish","4":"has-post-thumbnail","6":"product_cat-akademische-anzuge","7":"product_cat-kleidung","8":"pa_brand-dl-tanzkleidung","10":"first","11":"instock","12":"shipping-taxable","13":"purchasable","14":"product-type-variable"},"acf":[],"_links":{"self":[{"href":"https:\/\/www.letutudanza.it\/de\/wp-json\/wp\/v2\/product\/478457","targetHints":{"allow":["GET"]}}],"collection":[{"href":"https:\/\/www.letutudanza.it\/de\/wp-json\/wp\/v2\/product"}],"about":[{"href":"https:\/\/www.letutudanza.it\/de\/wp-json\/wp\/v2\/types\/product"}],"wp:featuredmedia":[{"embeddable":true,"href":"https:\/\/www.letutudanza.it\/de\/wp-json\/wp\/v2\/media\/478468"}],"wp:attachment":[{"href":"https:\/\/www.letutudanza.it\/de\/wp-json\/wp\/v2\/media?parent=478457"}],"wp:term":[{"taxonomy":"product_brand","embeddable":true,"href":"https:\/\/www.letutudanza.it\/de\/wp-json\/wp\/v2\/product_brand?post=478457"},{"taxonomy":"product_cat","embeddable":true,"href":"https:\/\/www.letutudanza.it\/de\/wp-json\/wp\/v2\/product_cat?post=478457"},{"taxonomy":"product_tag","embeddable":true,"href":"https:\/\/www.letutudanza.it\/de\/wp-json\/wp\/v2\/product_tag?post=478457"}],"curies":[{"name":"wp","href":"https:\/\/api.w.org\/{rel}","templated":true}]}}