{"id":478413,"date":"2025-09-18T14:42:54","date_gmt":"2025-09-18T12:42:54","guid":{"rendered":"https:\/\/www.letutudanza.it\/?post_type=product&#038;p=478413"},"modified":"2025-09-27T20:40:54","modified_gmt":"2025-09-27T18:40:54","slug":"giulietta-akademischer-tanzanzug-mit-tragern-copia","status":"publish","type":"product","link":"https:\/\/www.letutudanza.it\/de\/prodotto\/giulietta-akademischer-tanzanzug-mit-tragern-copia","title":{"rendered":"Trainingsanzug f\u00fcr akademischen Tanz mit amerikanischem Ausschnitt"},"content":{"rendered":"<p>Akademischer Overall mit Tr\u00e4gern, tiefem R\u00fcckenausschnitt, Trico darunter.<\/p>\n","protected":false},"excerpt":{"rendered":"<p>Akademischer Trainingsanzug mit Paspelierung, darunter mit Trikot<br \/>\n Weiter R\u00fcckenausschnitt und Knopfverschluss<\/p>\n","protected":false},"featured_media":478425,"template":"","meta":{"_acf_changed":false},"product_brand":[],"product_cat":[1596,1513],"product_tag":[],"class_list":{"0":"post-478413","1":"product","2":"type-product","3":"status-publish","4":"has-post-thumbnail","6":"product_cat-akademische-anzuge","7":"product_cat-kleidung","8":"pa_brand-dl-tanzkleidung","10":"first","11":"instock","12":"shipping-taxable","13":"purchasable","14":"product-type-variable"},"acf":[],"_links":{"self":[{"href":"https:\/\/www.letutudanza.it\/de\/wp-json\/wp\/v2\/product\/478413","targetHints":{"allow":["GET"]}}],"collection":[{"href":"https:\/\/www.letutudanza.it\/de\/wp-json\/wp\/v2\/product"}],"about":[{"href":"https:\/\/www.letutudanza.it\/de\/wp-json\/wp\/v2\/types\/product"}],"wp:featuredmedia":[{"embeddable":true,"href":"https:\/\/www.letutudanza.it\/de\/wp-json\/wp\/v2\/media\/478425"}],"wp:attachment":[{"href":"https:\/\/www.letutudanza.it\/de\/wp-json\/wp\/v2\/media?parent=478413"}],"wp:term":[{"taxonomy":"product_brand","embeddable":true,"href":"https:\/\/www.letutudanza.it\/de\/wp-json\/wp\/v2\/product_brand?post=478413"},{"taxonomy":"product_cat","embeddable":true,"href":"https:\/\/www.letutudanza.it\/de\/wp-json\/wp\/v2\/product_cat?post=478413"},{"taxonomy":"product_tag","embeddable":true,"href":"https:\/\/www.letutudanza.it\/de\/wp-json\/wp\/v2\/product_tag?post=478413"}],"curies":[{"name":"wp","href":"https:\/\/api.w.org\/{rel}","templated":true}]}}