{"id":478378,"date":"2025-09-17T17:13:42","date_gmt":"2025-09-17T15:13:42","guid":{"rendered":"https:\/\/www.letutudanza.it\/?post_type=product&#038;p=478378"},"modified":"2025-11-28T13:51:56","modified_gmt":"2025-11-28T12:51:56","slug":"capezio-varsity-tanz-hoodie-copia","status":"publish","type":"product","link":"https:\/\/www.letutudanza.it\/de\/prodotto\/capezio-varsity-tanz-hoodie-copia","title":{"rendered":"Capezio College-Trainingshose"},"content":{"rendered":"<p>UNISEX-MODELL<br \/>\n \u00dcbergro\u00dfe Passform<\/p>\n<p> F\u00fcr eine l\u00e4ngere Lebensdauer empfehlen wir: Maschinenw\u00e4sche in kaltem Wasser, Trocknen im Trockner bei niedriger Temperatur und nicht bleichen.<\/p>\n","protected":false},"excerpt":{"rendered":"<p>Das Varsity besteht aus einer weichen Baumwoll-Polyester-Mischung und ist ein stilvolles und vielseitiges Produkt: perfekt zum Aufw\u00e4rmen und dennoch angenehm f\u00fcr den Alltag.<br \/>\n Mit elastischem Bund und verstellbarem Kordelzug f\u00fcr eine individuelle Passform.<br \/>\n Elastische, gerippte Kn\u00f6chelb\u00fcndchen sorgen f\u00fcr ein stilvolles Finish, w\u00e4hrend Seitentaschen f\u00fcr Funktionalit\u00e4t sorgen<br \/>\n Capezio-Logo auf der Vorderseite des linken Beins gestickt<\/p>\n<p> Erh\u00e4ltlich in Gr\u00f6\u00dfe M &#8211; Farbe wie auf dem Foto<\/p>\n","protected":false},"featured_media":478382,"template":"","meta":{"_acf_changed":false},"product_brand":[],"product_cat":[1513,1494],"product_tag":[],"class_list":{"0":"post-478378","1":"product","2":"type-product","3":"status-publish","4":"has-post-thumbnail","6":"product_cat-kleidung","7":"product_cat-hosen-und-shorts","8":"pa_brand-capezio-de","10":"first","11":"instock","12":"shipping-taxable","13":"purchasable","14":"product-type-simple"},"acf":[],"_links":{"self":[{"href":"https:\/\/www.letutudanza.it\/de\/wp-json\/wp\/v2\/product\/478378","targetHints":{"allow":["GET"]}}],"collection":[{"href":"https:\/\/www.letutudanza.it\/de\/wp-json\/wp\/v2\/product"}],"about":[{"href":"https:\/\/www.letutudanza.it\/de\/wp-json\/wp\/v2\/types\/product"}],"wp:featuredmedia":[{"embeddable":true,"href":"https:\/\/www.letutudanza.it\/de\/wp-json\/wp\/v2\/media\/478382"}],"wp:attachment":[{"href":"https:\/\/www.letutudanza.it\/de\/wp-json\/wp\/v2\/media?parent=478378"}],"wp:term":[{"taxonomy":"product_brand","embeddable":true,"href":"https:\/\/www.letutudanza.it\/de\/wp-json\/wp\/v2\/product_brand?post=478378"},{"taxonomy":"product_cat","embeddable":true,"href":"https:\/\/www.letutudanza.it\/de\/wp-json\/wp\/v2\/product_cat?post=478378"},{"taxonomy":"product_tag","embeddable":true,"href":"https:\/\/www.letutudanza.it\/de\/wp-json\/wp\/v2\/product_tag?post=478378"}],"curies":[{"name":"wp","href":"https:\/\/api.w.org\/{rel}","templated":true}]}}