{"id":478374,"date":"2025-09-17T17:11:41","date_gmt":"2025-09-17T15:11:41","guid":{"rendered":"https:\/\/www.letutudanza.it\/prodotto\/capezio-varsity-tanz-hoodie"},"modified":"2025-11-28T13:51:44","modified_gmt":"2025-11-28T12:51:44","slug":"capezio-varsity-tanz-hoodie","status":"publish","type":"product","link":"https:\/\/www.letutudanza.it\/de\/prodotto\/capezio-varsity-tanz-hoodie","title":{"rendered":"Capezio Varsity Tanz-Hoodie"},"content":{"rendered":"<p>UNISEX-MODELL<br \/>\n \u00dcbergro\u00dfe Passform<\/p>\n<p> F\u00fcr eine l\u00e4ngere Lebensdauer empfehlen wir: Maschinenw\u00e4sche in kaltem Wasser, Trocknen im Trockner bei niedriger Temperatur und nicht bleichen.<\/p>\n","protected":false},"excerpt":{"rendered":"<p>Das Varsity-Sweatshirt aus einer weichen Baumwoll-Polyester-Mischung ist ein stilvolles und vielseitiges Produkt: perfekt zum Aufw\u00e4rmen und ebenso bequem f\u00fcr den Alltag.<br \/>\n Halsausschnitt, B\u00fcndchen und Bund bestehen aus weichem Rippstoff und das aufgestickte Capezio-Logo auf der Vorderseite ist eine subtile Anspielung auf die Tanztradition.<\/p>\n<p> Erh\u00e4ltlich in Gr\u00f6\u00dfe M &#8211; Farbe wie auf dem Foto<\/p>\n","protected":false},"featured_media":478373,"template":"","meta":{"_acf_changed":false},"product_brand":[],"product_cat":[1528,1513],"product_tag":[],"class_list":{"0":"post-478374","1":"product","2":"type-product","3":"status-publish","4":"has-post-thumbnail","6":"product_cat-sweatshirts-t-shirts-und-tops","7":"product_cat-kleidung","8":"pa_brand-capezio-de","10":"first","11":"outofstock","12":"shipping-taxable","13":"purchasable","14":"product-type-simple"},"acf":[],"_links":{"self":[{"href":"https:\/\/www.letutudanza.it\/de\/wp-json\/wp\/v2\/product\/478374","targetHints":{"allow":["GET"]}}],"collection":[{"href":"https:\/\/www.letutudanza.it\/de\/wp-json\/wp\/v2\/product"}],"about":[{"href":"https:\/\/www.letutudanza.it\/de\/wp-json\/wp\/v2\/types\/product"}],"wp:featuredmedia":[{"embeddable":true,"href":"https:\/\/www.letutudanza.it\/de\/wp-json\/wp\/v2\/media\/478373"}],"wp:attachment":[{"href":"https:\/\/www.letutudanza.it\/de\/wp-json\/wp\/v2\/media?parent=478374"}],"wp:term":[{"taxonomy":"product_brand","embeddable":true,"href":"https:\/\/www.letutudanza.it\/de\/wp-json\/wp\/v2\/product_brand?post=478374"},{"taxonomy":"product_cat","embeddable":true,"href":"https:\/\/www.letutudanza.it\/de\/wp-json\/wp\/v2\/product_cat?post=478374"},{"taxonomy":"product_tag","embeddable":true,"href":"https:\/\/www.letutudanza.it\/de\/wp-json\/wp\/v2\/product_tag?post=478374"}],"curies":[{"name":"wp","href":"https:\/\/api.w.org\/{rel}","templated":true}]}}