{"id":478347,"date":"2025-09-17T14:45:30","date_gmt":"2025-09-17T12:45:30","guid":{"rendered":"https:\/\/www.letutudanza.it\/prodotto\/beauty-case-capezio-fleur-schwarz"},"modified":"2025-10-28T12:55:05","modified_gmt":"2025-10-28T11:55:05","slug":"beauty-case-capezio-fleur-schwarz","status":"publish","type":"product","link":"https:\/\/www.letutudanza.it\/de\/prodotto\/beauty-case-capezio-fleur-schwarz","title":{"rendered":"Beauty Case Capezio Fleur schwarz"},"content":{"rendered":"<p>Produkteigenschaften<\/p>\n<ul>\n<li>Material 95% Polyester, 5% Metall<\/li>\n<li>Capezio-Signaturfutter<\/li>\n<li>Capezio Metalllogo au\u00dfen<\/li>\n<li>Abmessungen: 25,4 cm (B) x 15,2 cm (T) x 15,2 cm (H)<\/li>\n<\/ul>\n","protected":false},"excerpt":{"rendered":"<p>Das Fleur Beauty Case verf\u00fcgt \u00fcber einen praktischen Griff an der Oberseite, sodass es leicht zu tragen ist und Sie Ihre Beauty-Essentials bequem organisieren k\u00f6nnen.<br \/>\n Es besteht aus gestepptem Stoff und verf\u00fcgt \u00fcber einen Rei\u00dfverschluss mit einem eleganten silbernen Doppelschieber: So sind Ihre Sachen sicher verstaut.<\/p>\n<p> Erh\u00e4ltlich in der Farbe auf dem Foto<\/p>\n","protected":false},"featured_media":478342,"template":"","meta":{"_acf_changed":false},"product_brand":[],"product_cat":[1470,1505,1447],"product_tag":[],"class_list":{"0":"post-478347","1":"product","2":"type-product","3":"status-publish","4":"has-post-thumbnail","6":"product_cat-geschenkideen","7":"product_cat-tanztaschen-und-tutu-tasche","8":"product_cat-zubehor","10":"first","11":"instock","12":"shipping-taxable","13":"purchasable","14":"product-type-simple"},"acf":[],"_links":{"self":[{"href":"https:\/\/www.letutudanza.it\/de\/wp-json\/wp\/v2\/product\/478347","targetHints":{"allow":["GET"]}}],"collection":[{"href":"https:\/\/www.letutudanza.it\/de\/wp-json\/wp\/v2\/product"}],"about":[{"href":"https:\/\/www.letutudanza.it\/de\/wp-json\/wp\/v2\/types\/product"}],"wp:featuredmedia":[{"embeddable":true,"href":"https:\/\/www.letutudanza.it\/de\/wp-json\/wp\/v2\/media\/478342"}],"wp:attachment":[{"href":"https:\/\/www.letutudanza.it\/de\/wp-json\/wp\/v2\/media?parent=478347"}],"wp:term":[{"taxonomy":"product_brand","embeddable":true,"href":"https:\/\/www.letutudanza.it\/de\/wp-json\/wp\/v2\/product_brand?post=478347"},{"taxonomy":"product_cat","embeddable":true,"href":"https:\/\/www.letutudanza.it\/de\/wp-json\/wp\/v2\/product_cat?post=478347"},{"taxonomy":"product_tag","embeddable":true,"href":"https:\/\/www.letutudanza.it\/de\/wp-json\/wp\/v2\/product_tag?post=478347"}],"curies":[{"name":"wp","href":"https:\/\/api.w.org\/{rel}","templated":true}]}}