{"id":478280,"date":"2025-09-17T13:51:00","date_gmt":"2025-09-17T11:51:00","guid":{"rendered":"https:\/\/www.letutudanza.it\/?post_type=product&#038;p=478280"},"modified":"2025-12-08T12:43:08","modified_gmt":"2025-12-08T11:43:08","slug":"dansez-vous-fuswarmer-schwarze-farbe-copia","status":"publish","type":"product","link":"https:\/\/www.letutudanza.it\/de\/prodotto\/dansez-vous-fuswarmer-schwarze-farbe-copia","title":{"rendered":"Dansez-Vous Fu\u00dfw\u00e4rmer? lila Farbe"},"content":{"rendered":"<p>Erh\u00e4ltlich in der Farbe auf dem Foto<\/p>\n","protected":false},"excerpt":{"rendered":"<p>Die Dansez-Vous?-Fu\u00dfw\u00e4rmer bestehen aus Polyester. Sie sind mit einem elastischen Kn\u00f6chel und einer halbstarren Sohle ausgestattet.<br \/>\n Das ideale Accessoire, um Ihre F\u00fc\u00dfe und Kn\u00f6chel vor, w\u00e4hrend und nach dem Tanzunterricht warm zu halten.<\/p>\n<p>&nbsp;<\/p>\n","protected":false},"featured_media":478299,"template":"","meta":{"_acf_changed":false},"product_brand":[],"product_cat":[2096,1513,1522,1447,1448],"product_tag":[],"class_list":{"0":"post-478280","1":"product","2":"type-product","3":"status-publish","4":"has-post-thumbnail","6":"product_cat-fusswarmer","7":"product_cat-kleidung","8":"product_cat-sich-warm-laufen","9":"product_cat-zubehor","10":"product_cat-zubehor-fur-schuhe-und-fusse","11":"pa_brand-dansez-vous-de","13":"first","14":"instock","15":"shipping-taxable","16":"purchasable","17":"product-type-variable"},"acf":[],"_links":{"self":[{"href":"https:\/\/www.letutudanza.it\/de\/wp-json\/wp\/v2\/product\/478280","targetHints":{"allow":["GET"]}}],"collection":[{"href":"https:\/\/www.letutudanza.it\/de\/wp-json\/wp\/v2\/product"}],"about":[{"href":"https:\/\/www.letutudanza.it\/de\/wp-json\/wp\/v2\/types\/product"}],"wp:featuredmedia":[{"embeddable":true,"href":"https:\/\/www.letutudanza.it\/de\/wp-json\/wp\/v2\/media\/478299"}],"wp:attachment":[{"href":"https:\/\/www.letutudanza.it\/de\/wp-json\/wp\/v2\/media?parent=478280"}],"wp:term":[{"taxonomy":"product_brand","embeddable":true,"href":"https:\/\/www.letutudanza.it\/de\/wp-json\/wp\/v2\/product_brand?post=478280"},{"taxonomy":"product_cat","embeddable":true,"href":"https:\/\/www.letutudanza.it\/de\/wp-json\/wp\/v2\/product_cat?post=478280"},{"taxonomy":"product_tag","embeddable":true,"href":"https:\/\/www.letutudanza.it\/de\/wp-json\/wp\/v2\/product_tag?post=478280"}],"curies":[{"name":"wp","href":"https:\/\/api.w.org\/{rel}","templated":true}]}}