{"id":477188,"date":"2025-09-16T12:25:59","date_gmt":"2025-09-16T10:25:59","guid":{"rendered":"https:\/\/www.letutudanza.it\/prodotto\/sweatshorts-dansez-vous-nino-pro"},"modified":"2026-01-18T10:29:41","modified_gmt":"2026-01-18T09:29:41","slug":"sweatshorts-dansez-vous-nino-pro","status":"publish","type":"product","link":"https:\/\/www.letutudanza.it\/de\/prodotto\/sweatshorts-dansez-vous-nino-pro","title":{"rendered":"Nino Pro Damen-Sweatshorts mit integrierten Shorts und Schlitzen"},"content":{"rendered":"<h2 style=\"text-align: center;\">Jogginghose mit integrierten Shorts<\/h2>\n<p>Diese Dansez-Vous Nino Pro Tanzshorts sind f\u00fcr Komfort und Funktionalit\u00e4t beim Training und Aufw\u00e4rmen konzipiert. Der niedrige Bund mit elastischem Einsatz und verstellbarem Kordelzug sorgt f\u00fcr eine individuelle und sichere Passform. <\/p>\n<p>Die seitlichen Schlitze sorgen f\u00fcr maximale Bewegungsfreiheit, w\u00e4hrend die integrierten Shorts Reibung beim Sport verhindern. Das Kleidungsst\u00fcck besteht aus 100 % Polyester, ist leicht und strapazierf\u00e4hig. Erh\u00e4ltlich in Anthrazit (siehe Foto) \u2013 ideal f\u00fcr modernen und zeitgen\u00f6ssischen Tanz sowie Training.  <\/p>\n","protected":false},"excerpt":{"rendered":"<p>H\u00fcftshorts mit elastischem Bund und verstellbarem Kordelzug. Seitliche Schlitze sorgen f\u00fcr eine lockere Passform, w\u00e4hrend die integrierten Shorts Reibung verhindern. Ideal f\u00fcr modernen und zeitgen\u00f6ssischen Tanz sowie zum Aufw\u00e4rmen.  <\/p>\n<ul>\n<li>Material: 100 % Polyester<\/li>\n<li>Erh\u00e4ltlich in der Farbe auf dem Foto<\/li>\n<\/ul>\n","protected":false},"featured_media":477181,"template":"","meta":{"_acf_changed":false},"product_brand":[],"product_cat":[1494,1513,1590,1522],"product_tag":[],"class_list":{"0":"post-477188","1":"product","2":"type-product","3":"status-publish","4":"has-post-thumbnail","6":"product_cat-hosen-und-shorts","7":"product_cat-kleidung","8":"product_cat-schweiss","9":"product_cat-sich-warm-laufen","10":"pa_brand-dansez-vous-de","12":"first","13":"instock","14":"shipping-taxable","15":"purchasable","16":"product-type-variable"},"acf":[],"_links":{"self":[{"href":"https:\/\/www.letutudanza.it\/de\/wp-json\/wp\/v2\/product\/477188","targetHints":{"allow":["GET"]}}],"collection":[{"href":"https:\/\/www.letutudanza.it\/de\/wp-json\/wp\/v2\/product"}],"about":[{"href":"https:\/\/www.letutudanza.it\/de\/wp-json\/wp\/v2\/types\/product"}],"wp:featuredmedia":[{"embeddable":true,"href":"https:\/\/www.letutudanza.it\/de\/wp-json\/wp\/v2\/media\/477181"}],"wp:attachment":[{"href":"https:\/\/www.letutudanza.it\/de\/wp-json\/wp\/v2\/media?parent=477188"}],"wp:term":[{"taxonomy":"product_brand","embeddable":true,"href":"https:\/\/www.letutudanza.it\/de\/wp-json\/wp\/v2\/product_brand?post=477188"},{"taxonomy":"product_cat","embeddable":true,"href":"https:\/\/www.letutudanza.it\/de\/wp-json\/wp\/v2\/product_cat?post=477188"},{"taxonomy":"product_tag","embeddable":true,"href":"https:\/\/www.letutudanza.it\/de\/wp-json\/wp\/v2\/product_tag?post=477188"}],"curies":[{"name":"wp","href":"https:\/\/api.w.org\/{rel}","templated":true}]}}