{"id":473839,"date":"2025-09-11T12:04:12","date_gmt":"2025-09-11T10:04:12","guid":{"rendered":"https:\/\/www.letutudanza.it\/?post_type=product&#038;p=473839"},"modified":"2025-12-10T15:41:57","modified_gmt":"2025-12-10T14:41:57","slug":"bloch-synchrony-s0625l-ballettschuhe-copia","status":"publish","type":"product","link":"https:\/\/www.letutudanza.it\/de\/prodotto\/bloch-synchrony-s0625l-ballettschuhe-copia","title":{"rendered":"Bloch Elation S0217L Halbspitze Ballettschuhe"},"content":{"rendered":"<p style=\"background: white; margin: 11.25pt 0cm 11.25pt 0cm;\"><span style=\"font-family: 'Segoe UI','sans-serif'; color: #0e0e0e; letter-spacing: .25pt;\">Elation \u2013 Blochs Innovation, die einen neuen Standard in Sachen Pr\u00e4zision und Komfort setzt, um Ihre Leistung zu steigern.<\/span><\/p>\n<p><strong>Eigenschaften<\/strong><\/p>\n<ul>\n<li>Vorgen\u00e4hter Kreuzgummi f\u00fcr sicheren Sitz<\/li>\n<li>Neues, vollst\u00e4ndig asymmetrisches Sohlendesign<\/li>\n<li>Fu\u00dfgew\u00f6lbe aus 4-Wege-Stretchgewebe f\u00fcr Flexibilit\u00e4t und Fu\u00dfgew\u00f6lbeunterst\u00fctzung<\/li>\n<li>Elegantes Profil<\/li>\n<li>Design f\u00fcr den linken und rechten Fu\u00df<\/li>\n<\/ul>\n","protected":false},"excerpt":{"rendered":"<p>Elation ist mit einem asymmetrischen Design f\u00fcr die perfekte Passform gefertigt und verf\u00fcgt \u00fcber 4-Wege-Stretchgewebe im Fu\u00dfgew\u00f6lbebereich, das eine einwandfreie Unterst\u00fctzung des Fu\u00dfgew\u00f6lbes gew\u00e4hrleistet.<br \/>\n Das elastische Futter in Kombination mit dem Obermaterial aus hochwertigem Stretch-Canvas bietet nicht nur h\u00f6chsten Komfort, sondern erm\u00f6glicht der T\u00e4nzerin auch, ihre Zehen vollst\u00e4ndig zu spreizen.<br \/>\n Die asymmetrisch geteilte Sohle rundet den Schuh ab und sorgt f\u00fcr Eleganz und Haltbarkeit<\/p>\n<p> Erh\u00e4ltlich in Hautrosa (wie auf dem Foto gezeigt)<\/p>\n","protected":false},"featured_media":476827,"template":"","meta":{"_acf_changed":false},"product_brand":[],"product_cat":[2834,1864,1617],"product_tag":[],"class_list":{"0":"post-473839","1":"product","2":"type-product","3":"status-publish","4":"has-post-thumbnail","6":"product_cat-bloch-halbspitzenschuhe","7":"product_cat-halb-punkt-tanz","8":"product_cat-schuhe","9":"pa_brand-bloch-de","11":"first","12":"instock","13":"shipping-taxable","14":"purchasable","15":"product-type-variable"},"acf":[],"_links":{"self":[{"href":"https:\/\/www.letutudanza.it\/de\/wp-json\/wp\/v2\/product\/473839","targetHints":{"allow":["GET"]}}],"collection":[{"href":"https:\/\/www.letutudanza.it\/de\/wp-json\/wp\/v2\/product"}],"about":[{"href":"https:\/\/www.letutudanza.it\/de\/wp-json\/wp\/v2\/types\/product"}],"wp:featuredmedia":[{"embeddable":true,"href":"https:\/\/www.letutudanza.it\/de\/wp-json\/wp\/v2\/media\/476827"}],"wp:attachment":[{"href":"https:\/\/www.letutudanza.it\/de\/wp-json\/wp\/v2\/media?parent=473839"}],"wp:term":[{"taxonomy":"product_brand","embeddable":true,"href":"https:\/\/www.letutudanza.it\/de\/wp-json\/wp\/v2\/product_brand?post=473839"},{"taxonomy":"product_cat","embeddable":true,"href":"https:\/\/www.letutudanza.it\/de\/wp-json\/wp\/v2\/product_cat?post=473839"},{"taxonomy":"product_tag","embeddable":true,"href":"https:\/\/www.letutudanza.it\/de\/wp-json\/wp\/v2\/product_tag?post=473839"}],"curies":[{"name":"wp","href":"https:\/\/api.w.org\/{rel}","templated":true}]}}