{"id":473604,"date":"2025-09-09T15:35:06","date_gmt":"2025-09-09T13:35:06","guid":{"rendered":"https:\/\/www.letutudanza.it\/?post_type=product&#038;p=473604"},"modified":"2025-09-11T09:29:57","modified_gmt":"2025-09-11T07:29:57","slug":"hohenverstellbare-stange-fur-erwachsene-und-kinder-isa-copia","status":"publish","type":"product","link":"https:\/\/www.letutudanza.it\/de\/prodotto\/hohenverstellbare-stange-fur-erwachsene-und-kinder-isa-copia","title":{"rendered":"H\u00f6henverstellbare Stange &#8211; Isa"},"content":{"rendered":"<p>Wenn Sie mehr als ein Produkt kaufen m\u00f6chten, wenden Sie sich bitte an den Kundendienst, um einen Rabatt zu erhalten.<\/p>\n","protected":false},"excerpt":{"rendered":"<p>Die ISA-Bar ist leicht beweglich und transportierbar.<\/p>\n<p>Dank einer Gummischicht verursachen die beiden Standf\u00fc\u00dfe der Stange keine Besch\u00e4digungen oder Kratzer auf dem Bodenbelag, auf dem sie aufliegen.<\/p>\n<p>Mit seinen <strong>14 Positionen<\/strong> ist das ISA-Modell genau das Richtige f\u00fcr Ihre Kinder, denn es begleitet sie beim Wachsen und erm\u00f6glicht ihnen, immer die f\u00fcr sie optimale H\u00f6he zu w\u00e4hlen und zu trainieren.<\/p>\n<p>Dar\u00fcber hinaus geh\u00f6rt es auch unter Profis zu den gefragtesten Modellen.<\/p>\n<p>Erh\u00e4ltlich in folgenden Gr\u00f6\u00dfen:<\/p>\n<ul>\n<li>1,5 Meter<\/li>\n<li>2 Meter<\/li>\n<li>10 Fu\u00df<\/li>\n<\/ul>\n<p>Eigenschaften:<\/p>\n<ul>\n<li>Mindesth\u00f6he: 79,5 cm.<\/li>\n<li>Maximale H\u00f6he: 118,5 cm.<\/li>\n<li>S\u00e4ulendurchmesser: 50 mm.<\/li>\n<li>Durchmesser der Holzleiste: 40 mm.<\/li>\n<li>Grundma\u00dfe: 39,5 x 32 x 1 cm.<\/li>\n<li>Gesamtgewicht: 31,5 kg\n<ul>\n<li>mit 1\u00bd bar, 32 kg f\u00fcr 2 m oder 3 m, 33 kg<\/li>\n<\/ul>\n<\/li>\n<li>Standardl\u00e4nge der Holzleiste: 1\u00bd m 2 m oder 3 m.<\/li>\n<\/ul>\n<p>Der ISA ist f\u00fcr Holzst\u00e4be mit einem Durchmesser von 40 mm ausgelegt.<\/p>\n<p>Es wird ein maximaler Abstand zwischen St\u00fctzen von 2,3 m empfohlen.<\/p>\n","protected":false},"featured_media":473729,"template":"","meta":{"_acf_changed":false},"product_brand":[],"product_cat":[1732,1447],"product_tag":[],"class_list":{"0":"post-473604","1":"product","2":"type-product","3":"status-publish","4":"has-post-thumbnail","6":"product_cat-stangen-und-tanzspiegel","7":"product_cat-zubehor","8":"pa_brand-ballettdynamik","10":"first","11":"instock","12":"shipping-taxable","13":"purchasable","14":"product-type-variable"},"acf":[],"_links":{"self":[{"href":"https:\/\/www.letutudanza.it\/de\/wp-json\/wp\/v2\/product\/473604","targetHints":{"allow":["GET"]}}],"collection":[{"href":"https:\/\/www.letutudanza.it\/de\/wp-json\/wp\/v2\/product"}],"about":[{"href":"https:\/\/www.letutudanza.it\/de\/wp-json\/wp\/v2\/types\/product"}],"wp:featuredmedia":[{"embeddable":true,"href":"https:\/\/www.letutudanza.it\/de\/wp-json\/wp\/v2\/media\/473729"}],"wp:attachment":[{"href":"https:\/\/www.letutudanza.it\/de\/wp-json\/wp\/v2\/media?parent=473604"}],"wp:term":[{"taxonomy":"product_brand","embeddable":true,"href":"https:\/\/www.letutudanza.it\/de\/wp-json\/wp\/v2\/product_brand?post=473604"},{"taxonomy":"product_cat","embeddable":true,"href":"https:\/\/www.letutudanza.it\/de\/wp-json\/wp\/v2\/product_cat?post=473604"},{"taxonomy":"product_tag","embeddable":true,"href":"https:\/\/www.letutudanza.it\/de\/wp-json\/wp\/v2\/product_tag?post=473604"}],"curies":[{"name":"wp","href":"https:\/\/api.w.org\/{rel}","templated":true}]}}