{"id":473583,"date":"2025-09-09T14:57:01","date_gmt":"2025-09-09T12:57:01","guid":{"rendered":"https:\/\/www.letutudanza.it\/?post_type=product&#038;p=473583"},"modified":"2025-09-11T09:31:55","modified_gmt":"2025-09-11T07:31:55","slug":"pina-ballettstange-ausgestattet-mit-2-holzstangen-copia","status":"publish","type":"product","link":"https:\/\/www.letutudanza.it\/de\/prodotto\/pina-ballettstange-ausgestattet-mit-2-holzstangen-copia","title":{"rendered":"Doppelstangentanz Pina"},"content":{"rendered":"<p style=\"text-align: left;\">Wenn Sie mehr als ein Produkt kaufen m\u00f6chten, wenden Sie sich bitte an den Kundendienst, um einen Rabatt zu erhalten.<\/p>\n","protected":false},"excerpt":{"rendered":"<p>PINA zeichnet sich durch sein effizientes und leichtes Design aus, ohne Kompromisse bei Robustheit und Stabilit\u00e4t einzugehen. Es ist mit 2 gro\u00dfen und flachen Stahlf\u00fc\u00dfen ausgestattet und kann <\/p>\n<ul>\n<li>H\u00f6he der Stangen: 78,5 und 101 cm.<\/li>\n<li>Abstand zwischen den Stangen: 19 cm.<\/li>\n<li>S\u00e4ulendurchmesser: 50 mm<\/li>\n<li>Durchmesser der Holzst\u00e4be: 40 mm.<\/li>\n<li>Grundma\u00dfe: 39,5 x 32 x 1 cm.<\/li>\n<li>Gesamtgewicht ohne R\u00e4der: 36 kg (oder 38 kg mit 3-m-Stangen).<\/li>\n<li>Standardl\u00e4nge der Holzst\u00e4be: 2 m oder 3 m.<\/li>\n<\/ul>\n<p>Die PINA ist f\u00fcr <strong>Holzst\u00e4be mit einem Durchmesser von 40 mm<\/strong> konzipiert. Es wird ein maximaler St\u00fctzenabstand von 2,3 m empfohlen.<\/p>\n","protected":false},"featured_media":473732,"template":"","meta":{"_acf_changed":false},"product_brand":[],"product_cat":[1732,1447],"product_tag":[],"class_list":{"0":"post-473583","1":"product","2":"type-product","3":"status-publish","4":"has-post-thumbnail","6":"product_cat-stangen-und-tanzspiegel","7":"product_cat-zubehor","8":"pa_brand-ballettdynamik","10":"first","11":"instock","12":"shipping-taxable","13":"purchasable","14":"product-type-variable"},"acf":[],"_links":{"self":[{"href":"https:\/\/www.letutudanza.it\/de\/wp-json\/wp\/v2\/product\/473583","targetHints":{"allow":["GET"]}}],"collection":[{"href":"https:\/\/www.letutudanza.it\/de\/wp-json\/wp\/v2\/product"}],"about":[{"href":"https:\/\/www.letutudanza.it\/de\/wp-json\/wp\/v2\/types\/product"}],"wp:featuredmedia":[{"embeddable":true,"href":"https:\/\/www.letutudanza.it\/de\/wp-json\/wp\/v2\/media\/473732"}],"wp:attachment":[{"href":"https:\/\/www.letutudanza.it\/de\/wp-json\/wp\/v2\/media?parent=473583"}],"wp:term":[{"taxonomy":"product_brand","embeddable":true,"href":"https:\/\/www.letutudanza.it\/de\/wp-json\/wp\/v2\/product_brand?post=473583"},{"taxonomy":"product_cat","embeddable":true,"href":"https:\/\/www.letutudanza.it\/de\/wp-json\/wp\/v2\/product_cat?post=473583"},{"taxonomy":"product_tag","embeddable":true,"href":"https:\/\/www.letutudanza.it\/de\/wp-json\/wp\/v2\/product_tag?post=473583"}],"curies":[{"name":"wp","href":"https:\/\/api.w.org\/{rel}","templated":true}]}}