{"id":473539,"date":"2025-09-05T10:35:42","date_gmt":"2025-09-05T08:35:42","guid":{"rendered":"https:\/\/www.letutudanza.it\/?post_type=product&#038;p=473539"},"modified":"2025-09-11T09:24:47","modified_gmt":"2025-09-11T07:24:47","slug":"doppelstange-fur-hohenverstellbares-training-2-stangen-im-abstand-von-19-cm-giselle-copia","status":"publish","type":"product","link":"https:\/\/www.letutudanza.it\/de\/prodotto\/doppelstange-fur-hohenverstellbares-training-2-stangen-im-abstand-von-19-cm-giselle-copia","title":{"rendered":"H\u00f6henverstellbare Doppel-Ballettstange \u2013 Giselle"},"content":{"rendered":"<p>Wenn Sie mehr als ein Produkt kaufen m\u00f6chten, wenden Sie sich bitte an den Kundendienst, um einen Rabatt zu erhalten.<\/p>\n","protected":false},"excerpt":{"rendered":"<p>H\u00f6henverstellbarer Doppelb\u00fcgel. Zwei Stangen im Abstand von 19 cm und 10 einstellbare Positionen.<br \/>\n Die Giselle ist eine \u00e4u\u00dferst vielseitige Stange f\u00fcr Menschen jeder Gr\u00f6\u00dfe.<\/p>\n<p>Die Giselle l\u00e4sst sich leicht verstellen und erm\u00f6glicht schnelle H\u00f6hen\u00e4nderungen, um sie an unterschiedliche Personen und \u00dcbungen anzupassen.<\/p>\n<p>Der Abstand zwischen der minimalen und maximalen H\u00f6he betr\u00e4gt 27 cm und in allen Positionen sind die Sicherheit und Leistung der Stange garantiert.<\/p>\n<p>&nbsp;<\/p>\n<p>Eigenschaften:<\/p>\n<ul>\n<li>10-fach h\u00f6henverstellbare Doppel-Ballettstange<\/li>\n<li>Abstand zwischen maximaler und minimaler H\u00f6he von 27 cm<\/li>\n<li>Enth\u00e4lt zwei Stangen aus poliertem und unlackiertem Melis-Kiefernholz<\/li>\n<li>Holzst\u00e4be mit 40 mm Durchmesser, erh\u00e4ltlich in 1,5, 2 oder 3 Metern<\/li>\n<li>Stahlsockel und -rohre in Epoxidsilberfarbe<\/li>\n<li>H\u00f6he von Position 1 (Minimum) ohne R\u00e4der: obere Stange 92,5 cm. Unterer Balken 69,5 cm<\/li>\n<li>H\u00f6he 10 (maximale) Position ohne R\u00e4der: untere Stange 119,5 cm. Obere Stange 96,5 cm<\/li>\n<li>Abstand zwischen den Stangen: 19 cm<\/li>\n<li>Stangendurchmesser: 40 mm<\/li>\n<li>S\u00e4ulendurchmesser: 50 mm<\/li>\n<li>Gesamtgewicht ohne R\u00e4der mit 2m Stangen: 34kg<\/li>\n<li>Gesamtgewicht ohne R\u00e4der mit 3m Stangen: 36kg<\/li>\n<li>Standardstangenl\u00e4nge: 1,5 m, 2 m oder 3 m<\/li>\n<\/ul>\n","protected":false},"featured_media":473726,"template":"","meta":{"_acf_changed":false},"product_brand":[],"product_cat":[1732,1447],"product_tag":[],"class_list":{"0":"post-473539","1":"product","2":"type-product","3":"status-publish","4":"has-post-thumbnail","6":"product_cat-stangen-und-tanzspiegel","7":"product_cat-zubehor","8":"pa_brand-ballettdynamik","10":"first","11":"instock","12":"shipping-taxable","13":"purchasable","14":"product-type-variable"},"acf":[],"_links":{"self":[{"href":"https:\/\/www.letutudanza.it\/de\/wp-json\/wp\/v2\/product\/473539","targetHints":{"allow":["GET"]}}],"collection":[{"href":"https:\/\/www.letutudanza.it\/de\/wp-json\/wp\/v2\/product"}],"about":[{"href":"https:\/\/www.letutudanza.it\/de\/wp-json\/wp\/v2\/types\/product"}],"wp:featuredmedia":[{"embeddable":true,"href":"https:\/\/www.letutudanza.it\/de\/wp-json\/wp\/v2\/media\/473726"}],"wp:attachment":[{"href":"https:\/\/www.letutudanza.it\/de\/wp-json\/wp\/v2\/media?parent=473539"}],"wp:term":[{"taxonomy":"product_brand","embeddable":true,"href":"https:\/\/www.letutudanza.it\/de\/wp-json\/wp\/v2\/product_brand?post=473539"},{"taxonomy":"product_cat","embeddable":true,"href":"https:\/\/www.letutudanza.it\/de\/wp-json\/wp\/v2\/product_cat?post=473539"},{"taxonomy":"product_tag","embeddable":true,"href":"https:\/\/www.letutudanza.it\/de\/wp-json\/wp\/v2\/product_tag?post=473539"}],"curies":[{"name":"wp","href":"https:\/\/api.w.org\/{rel}","templated":true}]}}