{"id":473526,"date":"2025-09-04T15:17:51","date_gmt":"2025-09-04T13:17:51","guid":{"rendered":"https:\/\/www.letutudanza.it\/prodotto\/bunheads-gummibaender"},"modified":"2026-01-02T11:55:19","modified_gmt":"2026-01-02T10:55:19","slug":"bunheads-gummibaender","status":"publish","type":"product","link":"https:\/\/www.letutudanza.it\/de\/prodotto\/bunheads-gummibaender","title":{"rendered":"Bunheads Gummib\u00e4nder"},"content":{"rendered":"<p>Trainieren Sie Ihren gesamten K\u00f6rper mit B\u00e4ndern am Ober- oder Unterk\u00f6rper<br \/>\n Produkteigenschaften:<br \/>\n \u2022 100 % TPE-Material<br \/>\n \u2022 Flexibel, langlebig, rutschfest<br \/>\n \u2022 Abmessungen: OS (jeweils 4 Fu\u00df\/1,2 m)<\/p>\n","protected":false},"excerpt":{"rendered":"<p>Das Paket enth\u00e4lt 2 Gummib\u00e4nder mit einer L\u00e4nge von 1,2 Metern:<br \/>\n eine t\u00fcrkisfarbene mit mittlerer Widerstandsf\u00e4higkeit und eine rosafarbene mit hoher Widerstandsf\u00e4higkeit.<br \/>\n Diese B\u00e4nder bestehen aus flexiblen, langlebigen und rutschfesten Materialien und sind so konzipiert, dass sie maximale Vielseitigkeit bei gleichzeitig hoher Leistung gew\u00e4hrleisten.<\/p>\n<p> Ideal zum Dehnen und Erh\u00f6hen der Flexibilit\u00e4t.<\/p>\n","protected":false},"featured_media":473518,"template":"","meta":{"_acf_changed":false},"product_brand":[],"product_cat":[1449,1447],"product_tag":[],"class_list":{"0":"post-473526","1":"product","2":"type-product","3":"status-publish","4":"has-post-thumbnail","6":"product_cat-dehnen-und-trainieren","7":"product_cat-zubehor","8":"pa_brand-bunheads-de","10":"first","11":"instock","12":"shipping-taxable","13":"purchasable","14":"product-type-simple"},"acf":[],"_links":{"self":[{"href":"https:\/\/www.letutudanza.it\/de\/wp-json\/wp\/v2\/product\/473526","targetHints":{"allow":["GET"]}}],"collection":[{"href":"https:\/\/www.letutudanza.it\/de\/wp-json\/wp\/v2\/product"}],"about":[{"href":"https:\/\/www.letutudanza.it\/de\/wp-json\/wp\/v2\/types\/product"}],"wp:featuredmedia":[{"embeddable":true,"href":"https:\/\/www.letutudanza.it\/de\/wp-json\/wp\/v2\/media\/473518"}],"wp:attachment":[{"href":"https:\/\/www.letutudanza.it\/de\/wp-json\/wp\/v2\/media?parent=473526"}],"wp:term":[{"taxonomy":"product_brand","embeddable":true,"href":"https:\/\/www.letutudanza.it\/de\/wp-json\/wp\/v2\/product_brand?post=473526"},{"taxonomy":"product_cat","embeddable":true,"href":"https:\/\/www.letutudanza.it\/de\/wp-json\/wp\/v2\/product_cat?post=473526"},{"taxonomy":"product_tag","embeddable":true,"href":"https:\/\/www.letutudanza.it\/de\/wp-json\/wp\/v2\/product_tag?post=473526"}],"curies":[{"name":"wp","href":"https:\/\/api.w.org\/{rel}","templated":true}]}}