{"id":473337,"date":"2025-09-04T09:46:48","date_gmt":"2025-09-04T07:46:48","guid":{"rendered":"https:\/\/www.letutudanza.it\/?post_type=product&#038;p=473337"},"modified":"2025-09-12T09:25:43","modified_gmt":"2025-09-12T07:25:43","slug":"ballettstange-fur-den-heimgebrauch-prima-copia-copia-copia","status":"publish","type":"product","link":"https:\/\/www.letutudanza.it\/de\/prodotto\/ballettstange-fur-den-heimgebrauch-prima-copia-copia-copia","title":{"rendered":"Dinamica Ballet Wendbare Tanzmatte"},"content":{"rendered":"<p>Erh\u00e4ltlich in 3 verschiedenen Gr\u00f6\u00dfen<br \/>\n Die Ondine-Matte ist in drei Gr\u00f6\u00dfen erh\u00e4ltlich, falls Sie sie an Stangen unterschiedlicher Gr\u00f6\u00dfe anpassen m\u00f6chten:<\/p>\n<p>200 x 100 cm<br \/>\n 200 x 150 cm<br \/>\n 200 x 195 cm<\/p>\n<div class=\"product-tabs-wrapper\">\n<div class=\"container product-tabs-inner\">\n<div class=\"woocommerce-tabs wc-tabs-wrapper tabs-layout-tabs wd-opener-pos-right wd-opener-style-arrow\" data-state=\"first\" data-layout=\"tabs\">\n<div class=\"wd-accordion-item\">\n<div id=\"tab-description\" class=\"entry-content woocommerce-Tabs-panel woocommerce-Tabs-panel--description wd-active panel wc-tab\" role=\"tabpanel\" aria-labelledby=\"tab-title-description\" data-accordion-index=\"description\">\n<div class=\"wc-tab-inner wd-entry-content\">\n<p><strong>Wenn Sie mehr als ein Produkt kaufen m\u00f6chten, wenden Sie sich bitte an den Kundendienst, um einen Rabatt zu erhalten.<\/strong><\/p>\n<\/div>\n<\/div>\n<\/div>\n<div class=\"wd-accordion-item\"><\/div>\n<div class=\"wd-accordion-item\"><\/div>\n<\/div>\n<\/div>\n<\/div>\n<div class=\"wd-before-product-tabs\">\n<div class=\"container\">\n<div class=\"product_meta wd-layout-inline\"><\/div>\n<\/div>\n<\/div>\n","protected":false},"excerpt":{"rendered":"<p>Die Tanzmatte Ondine bietet optimale D\u00e4mpfung und Stabilit\u00e4t f\u00fcr Ihre \u00dcbungen. Die wendbare B\u00fchnenmatte besteht aus zwei Lagen weichem, rutschfestem PVC, das Ihnen auch bei Pirouetten absolute Sicherheit bietet.<br \/>\n Sie k\u00f6nnen zu Hause trainieren oder es bequem mitnehmen <\/p>\n<p>Materialien: Zwei Schichten rutschfestes PVC.<\/p>\n<p>Schwarz und hellgrau.<br \/>\n Dicke: 1,7 mm<\/p>\n<p>Gewicht:<br \/>\n 200 x 100 cm: 4,2 kg<br \/>\n 200 x 150 cm: 6,3 kg<br \/>\n 200 x 195 cm: 8,2 kg<\/p>\n","protected":false},"featured_media":476842,"template":"","meta":{"_acf_changed":false},"product_brand":[],"product_cat":[1447],"product_tag":[],"class_list":{"0":"post-473337","1":"product","2":"type-product","3":"status-publish","4":"has-post-thumbnail","6":"product_cat-zubehor","7":"pa_brand-ballettdynamik","9":"first","10":"instock","11":"shipping-taxable","12":"purchasable","13":"product-type-variable"},"acf":[],"_links":{"self":[{"href":"https:\/\/www.letutudanza.it\/de\/wp-json\/wp\/v2\/product\/473337","targetHints":{"allow":["GET"]}}],"collection":[{"href":"https:\/\/www.letutudanza.it\/de\/wp-json\/wp\/v2\/product"}],"about":[{"href":"https:\/\/www.letutudanza.it\/de\/wp-json\/wp\/v2\/types\/product"}],"wp:featuredmedia":[{"embeddable":true,"href":"https:\/\/www.letutudanza.it\/de\/wp-json\/wp\/v2\/media\/476842"}],"wp:attachment":[{"href":"https:\/\/www.letutudanza.it\/de\/wp-json\/wp\/v2\/media?parent=473337"}],"wp:term":[{"taxonomy":"product_brand","embeddable":true,"href":"https:\/\/www.letutudanza.it\/de\/wp-json\/wp\/v2\/product_brand?post=473337"},{"taxonomy":"product_cat","embeddable":true,"href":"https:\/\/www.letutudanza.it\/de\/wp-json\/wp\/v2\/product_cat?post=473337"},{"taxonomy":"product_tag","embeddable":true,"href":"https:\/\/www.letutudanza.it\/de\/wp-json\/wp\/v2\/product_tag?post=473337"}],"curies":[{"name":"wp","href":"https:\/\/api.w.org\/{rel}","templated":true}]}}