{"id":473278,"date":"2025-09-04T09:31:30","date_gmt":"2025-09-04T07:31:30","guid":{"rendered":"https:\/\/www.letutudanza.it\/?post_type=product&#038;p=473278"},"modified":"2025-09-11T10:31:18","modified_gmt":"2025-09-11T08:31:18","slug":"ballettstange-fur-den-heimgebrauch-prima-copia-copia","status":"publish","type":"product","link":"https:\/\/www.letutudanza.it\/de\/prodotto\/ballettstange-fur-den-heimgebrauch-prima-copia-copia","title":{"rendered":"Professionelle Ballettstange &#8211; Avant"},"content":{"rendered":"<p>Wenn Sie mehr als ein Produkt kaufen m\u00f6chten, wenden Sie sich bitte an den Kundendienst, um einen Rabatt zu erhalten.<\/p>\n","protected":false},"excerpt":{"rendered":"<p>Die Avant ist eine professionelle Ballettstange mit einer festen H\u00f6he von 103 Zentimetern. Dieses Modell eignet sich hervorragend sowohl f\u00fcr Tanzstudios als auch f\u00fcr das Training zu Hause. <\/p>\n<p><strong>Materialien:<\/strong> Basis aus geh\u00e4mmertem grauem Stahl. S\u00e4ule und St\u00e4nder aus silberfarbenem Stahl. <\/p>\n<p><strong>Gewicht:<\/strong><\/p>\n<ul class=\"wp-block-list\">\n<li>L 150 cm ohne R\u00e4der: 28,0 kg<\/li>\n<li>L 200 cm ohne R\u00e4der: 28,5 kg<\/li>\n<li>L 300 cm ohne R\u00e4der: 29,0 kg<\/li>\n<\/ul>\n<p><strong>Holzstange<\/strong> : 1 St\u00fcck | \u00d8: 40 mm | L: 100 cm, 150 cm, 200 cm oder 300 cm | Gelbkiefer<\/p>\n<p><strong>Werkzeuge und Schrauben:<\/strong><\/p>\n<ul class=\"wp-block-list\">\n<li>DIN 7991 M-12 x 50 mm x2<\/li>\n<li>DIN 7991 M-6 \u00d7 14mm A2 x8<\/li>\n<li>Inbus 8 mm x1 | Inbus 4 mm x1<\/li>\n<\/ul>\n","protected":false},"featured_media":473781,"template":"","meta":{"_acf_changed":false},"product_brand":[],"product_cat":[1732,1447],"product_tag":[],"class_list":{"0":"post-473278","1":"product","2":"type-product","3":"status-publish","4":"has-post-thumbnail","6":"product_cat-stangen-und-tanzspiegel","7":"product_cat-zubehor","8":"pa_brand-ballettdynamik","10":"first","11":"instock","12":"shipping-taxable","13":"purchasable","14":"product-type-variable"},"acf":[],"_links":{"self":[{"href":"https:\/\/www.letutudanza.it\/de\/wp-json\/wp\/v2\/product\/473278","targetHints":{"allow":["GET"]}}],"collection":[{"href":"https:\/\/www.letutudanza.it\/de\/wp-json\/wp\/v2\/product"}],"about":[{"href":"https:\/\/www.letutudanza.it\/de\/wp-json\/wp\/v2\/types\/product"}],"wp:featuredmedia":[{"embeddable":true,"href":"https:\/\/www.letutudanza.it\/de\/wp-json\/wp\/v2\/media\/473781"}],"wp:attachment":[{"href":"https:\/\/www.letutudanza.it\/de\/wp-json\/wp\/v2\/media?parent=473278"}],"wp:term":[{"taxonomy":"product_brand","embeddable":true,"href":"https:\/\/www.letutudanza.it\/de\/wp-json\/wp\/v2\/product_brand?post=473278"},{"taxonomy":"product_cat","embeddable":true,"href":"https:\/\/www.letutudanza.it\/de\/wp-json\/wp\/v2\/product_cat?post=473278"},{"taxonomy":"product_tag","embeddable":true,"href":"https:\/\/www.letutudanza.it\/de\/wp-json\/wp\/v2\/product_tag?post=473278"}],"curies":[{"name":"wp","href":"https:\/\/api.w.org\/{rel}","templated":true}]}}