{"id":473233,"date":"2025-09-03T12:36:23","date_gmt":"2025-09-03T10:36:23","guid":{"rendered":"https:\/\/www.letutudanza.it\/?post_type=product&#038;p=473233"},"modified":"2025-09-11T10:17:56","modified_gmt":"2025-09-11T08:17:56","slug":"ballettstange-fur-den-heimgebrauch-prima-copia","status":"publish","type":"product","link":"https:\/\/www.letutudanza.it\/de\/prodotto\/ballettstange-fur-den-heimgebrauch-prima-copia","title":{"rendered":"Verstellbare Ballettstange f\u00fcr Anf\u00e4nger \u2013 Juliette"},"content":{"rendered":"<p>Wenn Sie mehr als ein Produkt kaufen m\u00f6chten, wenden Sie sich bitte an den Kundendienst, um einen Rabatt zu erhalten.<\/p>\n","protected":false},"excerpt":{"rendered":"<p>Juliette ist eine h\u00f6henverstellbare Ballettstange f\u00fcr \u00dcbungen zu Hause.<br \/>\n Es handelt sich um eine leichte Stange, die sich problemlos bewegen l\u00e4sst, die aber gleichzeitig ein gutes Ma\u00df an Stabilit\u00e4t f\u00fcr die Durchf\u00fchrung von \u00dcbungen bietet.<br \/>\n Die Juliette kann auf 12 verschiedene H\u00f6hen eingestellt werden, um sich an das Wachstum der T\u00e4nzer anzupassen.<\/p>\n<p>Materialien: Geh\u00e4mmerter grauer Stahlsockel. Silberfarbene Stahls\u00e4ule und St\u00e4nder. <\/p>\n<p>Gewicht:<br \/>\n L 100 cm: 18,0 kg<br \/>\n L 150 cm: 18,5 kg<br \/>\n L 200 cm: 19,0 kg<\/p>\n<p>Ma\u00dfnahmen:<br \/>\n Basis: 39,5 cm x 32 cm x 0,6 cm<br \/>\n Durchmesser der unteren S\u00e4ule: 40 mm<br \/>\n Durchmesser der oberen S\u00e4ule: 32 mm<br \/>\n Holzbar: 1 | \u00d8 100cm, 150cm oder 200cm | Gelbkiefer<\/p>\n<p>Einstellmechanismus:<br \/>\n 12 H\u00f6hen<br \/>\n Maximale H\u00f6he in Position 12: 110 cm<br \/>\n Mindestgr\u00f6\u00dfe in Position 1: 77 cm<br \/>\n Abstand zwischen minimaler und maximaler Position: 33 cm<br \/>\n PVC-H\u00f6henreglerknopf und metrischer 8-Durchmesser<\/p>\n<p>Werkzeuge und Schrauben:<br \/>\n DIN 7991 M-10 x 40 mm x2<br \/>\n DIN 7505A M-4,5 \u00d7 20 mm x8 Inbus 6 mm x1<\/p>\n","protected":false},"featured_media":473769,"template":"","meta":{"_acf_changed":false},"product_brand":[],"product_cat":[1732,1447],"product_tag":[],"class_list":{"0":"post-473233","1":"product","2":"type-product","3":"status-publish","4":"has-post-thumbnail","6":"product_cat-stangen-und-tanzspiegel","7":"product_cat-zubehor","8":"pa_brand-ballettdynamik","10":"first","11":"instock","12":"shipping-taxable","13":"purchasable","14":"product-type-variable"},"acf":[],"_links":{"self":[{"href":"https:\/\/www.letutudanza.it\/de\/wp-json\/wp\/v2\/product\/473233","targetHints":{"allow":["GET"]}}],"collection":[{"href":"https:\/\/www.letutudanza.it\/de\/wp-json\/wp\/v2\/product"}],"about":[{"href":"https:\/\/www.letutudanza.it\/de\/wp-json\/wp\/v2\/types\/product"}],"wp:featuredmedia":[{"embeddable":true,"href":"https:\/\/www.letutudanza.it\/de\/wp-json\/wp\/v2\/media\/473769"}],"wp:attachment":[{"href":"https:\/\/www.letutudanza.it\/de\/wp-json\/wp\/v2\/media?parent=473233"}],"wp:term":[{"taxonomy":"product_brand","embeddable":true,"href":"https:\/\/www.letutudanza.it\/de\/wp-json\/wp\/v2\/product_brand?post=473233"},{"taxonomy":"product_cat","embeddable":true,"href":"https:\/\/www.letutudanza.it\/de\/wp-json\/wp\/v2\/product_cat?post=473233"},{"taxonomy":"product_tag","embeddable":true,"href":"https:\/\/www.letutudanza.it\/de\/wp-json\/wp\/v2\/product_tag?post=473233"}],"curies":[{"name":"wp","href":"https:\/\/api.w.org\/{rel}","templated":true}]}}