{"id":472787,"date":"2021-07-13T18:40:19","date_gmt":"2021-07-13T16:40:19","guid":{"rendered":"https:\/\/www.letutudanza.it\/prodotto\/fusslose-tanzstrumpfhose-pridance-in-hautfarbe-fleisch"},"modified":"2026-04-16T10:47:45","modified_gmt":"2026-04-16T08:47:45","slug":"fusslose-tanzstrumpfhose-pridance-in-hautfarbe-fleisch","status":"publish","type":"product","link":"https:\/\/www.letutudanza.it\/de\/prodotto\/fusslose-tanzstrumpfhose-pridance-in-hautfarbe-fleisch","title":{"rendered":"Fu\u00dflose Tanzstrumpfhose Pridance in Hautfarbe\/Fleisch"},"content":{"rendered":"","protected":false},"excerpt":{"rendered":"<p>Tanzleggings ohne Fu\u00df mit elastischem Bund. Perfekte Passform und Passform. Leuchteffekt, 60 den.<br \/>\n Zusammensetzung: 85 % Polyamid und 15 % Elastan.<\/p>\n<p><strong>Hinweis:<\/strong> Umtausch und\/oder R\u00fcckgabe sind f\u00fcr diesen Artikel nicht m\u00f6glich<\/p>\n","protected":false},"featured_media":483373,"template":"","meta":{"_acf_changed":false},"product_brand":[],"product_cat":[1450],"product_tag":[],"class_list":{"0":"post-472787","1":"product","2":"type-product","3":"status-publish","4":"has-post-thumbnail","6":"product_cat-tanz-und-tanzsocken","7":"pa_brand-pridance-de","9":"first","10":"instock","11":"shipping-taxable","12":"purchasable","13":"product-type-variable"},"acf":[],"_links":{"self":[{"href":"https:\/\/www.letutudanza.it\/de\/wp-json\/wp\/v2\/product\/472787","targetHints":{"allow":["GET"]}}],"collection":[{"href":"https:\/\/www.letutudanza.it\/de\/wp-json\/wp\/v2\/product"}],"about":[{"href":"https:\/\/www.letutudanza.it\/de\/wp-json\/wp\/v2\/types\/product"}],"wp:featuredmedia":[{"embeddable":true,"href":"https:\/\/www.letutudanza.it\/de\/wp-json\/wp\/v2\/media\/483373"}],"wp:attachment":[{"href":"https:\/\/www.letutudanza.it\/de\/wp-json\/wp\/v2\/media?parent=472787"}],"wp:term":[{"taxonomy":"product_brand","embeddable":true,"href":"https:\/\/www.letutudanza.it\/de\/wp-json\/wp\/v2\/product_brand?post=472787"},{"taxonomy":"product_cat","embeddable":true,"href":"https:\/\/www.letutudanza.it\/de\/wp-json\/wp\/v2\/product_cat?post=472787"},{"taxonomy":"product_tag","embeddable":true,"href":"https:\/\/www.letutudanza.it\/de\/wp-json\/wp\/v2\/product_tag?post=472787"}],"curies":[{"name":"wp","href":"https:\/\/api.w.org\/{rel}","templated":true}]}}