{"id":472678,"date":"2025-05-31T14:44:43","date_gmt":"2025-05-31T12:44:43","guid":{"rendered":"https:\/\/www.letutudanza.it\/prodotto\/thermo-trinkflasche-500-ml-rosa"},"modified":"2025-12-10T10:41:51","modified_gmt":"2025-12-10T09:41:51","slug":"thermo-trinkflasche-500-ml-rosa","status":"publish","type":"product","link":"https:\/\/www.letutudanza.it\/de\/prodotto\/thermo-trinkflasche-500-ml-rosa","title":{"rendered":"Thermo-Trinkflasche 500 ml rosa"},"content":{"rendered":"<p>Zertifiziertes Produkt<\/p>\n","protected":false},"excerpt":{"rendered":"<p>Thermosflasche\/Thermoskanne aus Edelstahl mit Tanzmotiv.<br \/>\n H\u00e4lt W\u00e4rme oder K\u00e4lte den ganzen Tag lang<\/p>\n<p> Fassungsverm\u00f6gen 500 ml<br \/>\n H\u00f6he 24 cm<\/p>\n<p>&nbsp;<\/p>\n","protected":false},"featured_media":472676,"template":"","meta":{"_acf_changed":false},"product_brand":[],"product_cat":[1470],"product_tag":[],"class_list":{"0":"post-472678","1":"product","2":"type-product","3":"status-publish","4":"has-post-thumbnail","6":"product_cat-geschenkideen","7":"pa_brand-girardi-de","9":"first","10":"instock","11":"shipping-taxable","12":"purchasable","13":"product-type-simple"},"acf":[],"_links":{"self":[{"href":"https:\/\/www.letutudanza.it\/de\/wp-json\/wp\/v2\/product\/472678","targetHints":{"allow":["GET"]}}],"collection":[{"href":"https:\/\/www.letutudanza.it\/de\/wp-json\/wp\/v2\/product"}],"about":[{"href":"https:\/\/www.letutudanza.it\/de\/wp-json\/wp\/v2\/types\/product"}],"wp:featuredmedia":[{"embeddable":true,"href":"https:\/\/www.letutudanza.it\/de\/wp-json\/wp\/v2\/media\/472676"}],"wp:attachment":[{"href":"https:\/\/www.letutudanza.it\/de\/wp-json\/wp\/v2\/media?parent=472678"}],"wp:term":[{"taxonomy":"product_brand","embeddable":true,"href":"https:\/\/www.letutudanza.it\/de\/wp-json\/wp\/v2\/product_brand?post=472678"},{"taxonomy":"product_cat","embeddable":true,"href":"https:\/\/www.letutudanza.it\/de\/wp-json\/wp\/v2\/product_cat?post=472678"},{"taxonomy":"product_tag","embeddable":true,"href":"https:\/\/www.letutudanza.it\/de\/wp-json\/wp\/v2\/product_tag?post=472678"}],"curies":[{"name":"wp","href":"https:\/\/api.w.org\/{rel}","templated":true}]}}